{"id":58242,"date":"2024-01-15T14:51:03","date_gmt":"2024-01-15T14:51:03","guid":{"rendered":"https:\/\/martaesmarats.com\/?page_id=58242"},"modified":"2024-01-18T14:12:20","modified_gmt":"2024-01-18T14:12:20","slug":"aviso-legal","status":"publish","type":"page","link":"https:\/\/martaesmarats.com\/es\/aviso-legal","title":{"rendered":"Aviso legal"},"content":{"rendered":"<section class=\"wpb-content-wrapper\"><p>[vc_row][vc_column][vc_row_inner el_class=\u00bbcontacte-title1&#8243;][vc_column_inner css=\u00bb.vc_custom_1681478376992{margin-bottom: 0px !important;padding-bottom: 0px !important;}\u00bb][\/vc_column_inner][\/vc_row_inner][\/vc_column][\/vc_row][vc_row][vc_column width=\u00bb2\/3&#8243;][vc_column_text]<strong>AVISO LEGAL<\/strong><\/p>\n<p>MARTA ESMARATS BIGAS en la condici\u00f3n de titular y de responsable del sitio web, y en cumplimiento de lo que se establece en el art\u00edculo 10 de la Ley 34\/2002, de 11 de julio, de servicios de la sociedad de la informaci\u00f3n y de comercio electr\u00f3nico, pone a disposici\u00f3n de los usuarios la siguiente informaci\u00f3n de car\u00e1cter general:<\/p>\n<p>Para cualquier consulta o reclamaci\u00f3n relativa a estas p\u00e1ginas, a la informaci\u00f3n que contienen\u00a0 los productos y servicios ofrecidos, los usuarios pueden dirigirse a la siguiente direcci\u00f3n:<\/p>\n<p style=\"text-align: center;\">MARTA ESMARATS BIGAS<br \/>\n46659747S<br \/>\ncontacte@cacauet.net<br \/>\n630693908<\/p>\n<p><strong>CONDICIONES DE USO<\/strong><\/p>\n<p>El uso de esta publicaci\u00f3n digital implica la aceptaci\u00f3n de las siguientes condiciones de uso:<\/p>\n<p>La publicaci\u00f3n digital de MARTA ESMARATS BIGAS tiene como objetivo facilitar a nuestros clientes, y al p\u00fablico en general, la informaci\u00f3n relativa a la empresa y los productos y servicios que se ofrecen.<\/p>\n<p>MARTA ESMARATS BIGAS no se compromete a la actualizaci\u00f3n inmediata de la informaci\u00f3n contenida en la publicaci\u00f3n digital. MARTA ESMARATS BIGAS no asume ninguna responsabilidad derivada de la implicaci\u00f3n de terceras partes en los contenidos recogidos en los enlaces o v\u00ednculos a los que se hacen referencia en estas p\u00e1ginas MARTA ESMARATS BIGAS no se responsabiliza de ning\u00fan da\u00f1o o perjuicio en el software o hardware del usuario que se derive del acceso a la publicaci\u00f3n digital o del uso de la informaci\u00f3n o aplicaciones que contenga.<\/p>\n<p>MARTA ESMARATS BIGAS es titular de todos los derechos sobre el software de la publicaci\u00f3n digital, as\u00ed como de los derechos de propiedad industrial e intelectual referidos a los contenidos que se incluyan. Se excluyen los derechos sobre los productos y servicios de car\u00e1cter p\u00fablico que no son propiedad de esta empresa, cuyas marcas est\u00e1n registradas a favor de sus respectivos titulares, y que, como tales, reconoce MARTA ESMARATS BIGAS. Ning\u00fan material de esta publicaci\u00f3n digital podr\u00e1 ser reproducido, copiado o publicado sin que MARTA ESMARATS BIGAS otorgue su consentimiento por escrito.<\/p>\n<p>&nbsp;<\/p>\n<p>MARTA ESMARATS BIGAS no recoge ning\u00fan dato ni pide cumplimentar ning\u00fan formulario con datos personales.<\/p>\n<p>El correo electr\u00f3nico no ser\u00e1 considerado un medio v\u00e1lido a efectos de presentaci\u00f3n de reclamaciones. Para ello es necesario dirigirse al servicio de atenci\u00f3n al cliente de MARTA ESMARATS BIGAS, que indicar\u00e1 en cada caso el proceso a seguir. Toda la informaci\u00f3n que se reciba en estas p\u00e1ginas \u2014ya sean comentarios, sugerencias, ideas, etc.\u2014 se considerar\u00e1 cedida a MARTA ESMARATS BIGAS de forma gratuita. No debe enviarse informaci\u00f3n que NO pueda ser tratada de esta forma.<\/p>\n<p>Cualquier tipo de notificaci\u00f3n y reclamaci\u00f3n \u00fanicamente tendr\u00e1 validez si se notifica por escrito.[\/vc_column_text][\/vc_column][vc_column width=\u00bb1\/3&#8243;][\/vc_column][\/vc_row]<\/p>\n<\/section>","protected":false},"excerpt":{"rendered":"<p>[vc_row][vc_column][vc_row_inner el_class=\u00bbcontacte-title1&#8243;][vc_column_inner css=\u00bb.vc_custom_1681478376992{margin-bottom: 0px !important;padding-bottom: 0px !important;}\u00bb][\/vc_column_inner][\/vc_row_inner][\/vc_column][\/vc_row][vc_row][vc_column width=\u00bb2\/3&#8243;][vc_column_text]AVISO LEGAL MARTA ESMARATS BIGAS en la condici\u00f3n de titular y de responsable del sitio web, y en cumplimiento de lo que se establece en el art\u00edculo 10 de la Ley 34\/2002, de 11 de julio, de servicios de la sociedad de la informaci\u00f3n y de comercio electr\u00f3nico,&hellip;<\/p>\n","protected":false},"author":1,"featured_media":0,"parent":0,"menu_order":0,"comment_status":"closed","ping_status":"closed","template":"","meta":{"footnotes":""},"class_list":["post-58242","page","type-page","status-publish","hentry","description-off"],"yoast_head":"<!-- This site is optimized with the Yoast SEO plugin v27.4 - https:\/\/yoast.com\/product\/yoast-seo-wordpress\/ -->\n<title>Aviso legal - Marta Esmarats<\/title>\n<meta name=\"robots\" content=\"noindex, nofollow\" \/>\n<meta property=\"og:locale\" content=\"es_ES\" \/>\n<meta property=\"og:type\" content=\"article\" \/>\n<meta property=\"og:title\" content=\"Aviso legal - Marta Esmarats\" \/>\n<meta property=\"og:description\" content=\"[vc_row][vc_column][vc_row_inner el_class=\u00bbcontacte-title1&#8243;][vc_column_inner css=\u00bb.vc_custom_1681478376992{margin-bottom: 0px !important;padding-bottom: 0px !important;}\u00bb][\/vc_column_inner][\/vc_row_inner][\/vc_column][\/vc_row][vc_row][vc_column width=\u00bb2\/3&#8243;][vc_column_text]AVISO LEGAL MARTA ESMARATS BIGAS en la condici\u00f3n de titular y de responsable del sitio web, y en cumplimiento de lo que se establece en el art\u00edculo 10 de la Ley 34\/2002, de 11 de julio, de servicios de la sociedad de la informaci\u00f3n y de comercio electr\u00f3nico,&hellip;\" \/>\n<meta property=\"og:url\" content=\"https:\/\/martaesmarats.com\/es\/aviso-legal\" \/>\n<meta property=\"og:site_name\" content=\"Marta Esmarats\" \/>\n<meta property=\"article:modified_time\" content=\"2024-01-18T14:12:20+00:00\" \/>\n<meta name=\"twitter:card\" content=\"summary_large_image\" \/>\n<meta name=\"twitter:label1\" content=\"Tiempo de lectura\" \/>\n\t<meta name=\"twitter:data1\" content=\"3 minutos\" \/>\n<script type=\"application\/ld+json\" class=\"yoast-schema-graph\">{\"@context\":\"https:\\\/\\\/schema.org\",\"@graph\":[{\"@type\":\"WebPage\",\"@id\":\"https:\\\/\\\/martaesmarats.com\\\/es\\\/aviso-legal\",\"url\":\"https:\\\/\\\/martaesmarats.com\\\/es\\\/aviso-legal\",\"name\":\"Aviso legal - Marta Esmarats\",\"isPartOf\":{\"@id\":\"https:\\\/\\\/martaesmarats.com\\\/es#website\"},\"datePublished\":\"2024-01-15T14:51:03+00:00\",\"dateModified\":\"2024-01-18T14:12:20+00:00\",\"breadcrumb\":{\"@id\":\"https:\\\/\\\/martaesmarats.com\\\/es\\\/aviso-legal#breadcrumb\"},\"inLanguage\":\"es\",\"potentialAction\":[{\"@type\":\"ReadAction\",\"target\":[\"https:\\\/\\\/martaesmarats.com\\\/es\\\/aviso-legal\"]}]},{\"@type\":\"BreadcrumbList\",\"@id\":\"https:\\\/\\\/martaesmarats.com\\\/es\\\/aviso-legal#breadcrumb\",\"itemListElement\":[{\"@type\":\"ListItem\",\"position\":1,\"name\":\"Portada\",\"item\":\"https:\\\/\\\/martaesmarats.com\\\/es\"},{\"@type\":\"ListItem\",\"position\":2,\"name\":\"Aviso legal\"}]},{\"@type\":\"WebSite\",\"@id\":\"https:\\\/\\\/martaesmarats.com\\\/es#website\",\"url\":\"https:\\\/\\\/martaesmarats.com\\\/es\",\"name\":\"Marta Esmarats\",\"description\":\"\",\"potentialAction\":[{\"@type\":\"SearchAction\",\"target\":{\"@type\":\"EntryPoint\",\"urlTemplate\":\"https:\\\/\\\/martaesmarats.com\\\/es?s={search_term_string}\"},\"query-input\":{\"@type\":\"PropertyValueSpecification\",\"valueRequired\":true,\"valueName\":\"search_term_string\"}}],\"inLanguage\":\"es\"}]}<\/script>\n<!-- \/ Yoast SEO plugin. -->","yoast_head_json":{"title":"Aviso legal - Marta Esmarats","robots":{"index":"noindex","follow":"nofollow"},"og_locale":"es_ES","og_type":"article","og_title":"Aviso legal - Marta Esmarats","og_description":"[vc_row][vc_column][vc_row_inner el_class=\u00bbcontacte-title1&#8243;][vc_column_inner css=\u00bb.vc_custom_1681478376992{margin-bottom: 0px !important;padding-bottom: 0px !important;}\u00bb][\/vc_column_inner][\/vc_row_inner][\/vc_column][\/vc_row][vc_row][vc_column width=\u00bb2\/3&#8243;][vc_column_text]AVISO LEGAL MARTA ESMARATS BIGAS en la condici\u00f3n de titular y de responsable del sitio web, y en cumplimiento de lo que se establece en el art\u00edculo 10 de la Ley 34\/2002, de 11 de julio, de servicios de la sociedad de la informaci\u00f3n y de comercio electr\u00f3nico,&hellip;","og_url":"https:\/\/martaesmarats.com\/es\/aviso-legal","og_site_name":"Marta Esmarats","article_modified_time":"2024-01-18T14:12:20+00:00","twitter_card":"summary_large_image","twitter_misc":{"Tiempo de lectura":"3 minutos"},"schema":{"@context":"https:\/\/schema.org","@graph":[{"@type":"WebPage","@id":"https:\/\/martaesmarats.com\/es\/aviso-legal","url":"https:\/\/martaesmarats.com\/es\/aviso-legal","name":"Aviso legal - Marta Esmarats","isPartOf":{"@id":"https:\/\/martaesmarats.com\/es#website"},"datePublished":"2024-01-15T14:51:03+00:00","dateModified":"2024-01-18T14:12:20+00:00","breadcrumb":{"@id":"https:\/\/martaesmarats.com\/es\/aviso-legal#breadcrumb"},"inLanguage":"es","potentialAction":[{"@type":"ReadAction","target":["https:\/\/martaesmarats.com\/es\/aviso-legal"]}]},{"@type":"BreadcrumbList","@id":"https:\/\/martaesmarats.com\/es\/aviso-legal#breadcrumb","itemListElement":[{"@type":"ListItem","position":1,"name":"Portada","item":"https:\/\/martaesmarats.com\/es"},{"@type":"ListItem","position":2,"name":"Aviso legal"}]},{"@type":"WebSite","@id":"https:\/\/martaesmarats.com\/es#website","url":"https:\/\/martaesmarats.com\/es","name":"Marta Esmarats","description":"","potentialAction":[{"@type":"SearchAction","target":{"@type":"EntryPoint","urlTemplate":"https:\/\/martaesmarats.com\/es?s={search_term_string}"},"query-input":{"@type":"PropertyValueSpecification","valueRequired":true,"valueName":"search_term_string"}}],"inLanguage":"es"}]}},"_links":{"self":[{"href":"https:\/\/martaesmarats.com\/es\/wp-json\/wp\/v2\/pages\/58242","targetHints":{"allow":["GET"]}}],"collection":[{"href":"https:\/\/martaesmarats.com\/es\/wp-json\/wp\/v2\/pages"}],"about":[{"href":"https:\/\/martaesmarats.com\/es\/wp-json\/wp\/v2\/types\/page"}],"author":[{"embeddable":true,"href":"https:\/\/martaesmarats.com\/es\/wp-json\/wp\/v2\/users\/1"}],"replies":[{"embeddable":true,"href":"https:\/\/martaesmarats.com\/es\/wp-json\/wp\/v2\/comments?post=58242"}],"version-history":[{"count":4,"href":"https:\/\/martaesmarats.com\/es\/wp-json\/wp\/v2\/pages\/58242\/revisions"}],"predecessor-version":[{"id":58263,"href":"https:\/\/martaesmarats.com\/es\/wp-json\/wp\/v2\/pages\/58242\/revisions\/58263"}],"wp:attachment":[{"href":"https:\/\/martaesmarats.com\/es\/wp-json\/wp\/v2\/media?parent=58242"}],"curies":[{"name":"wp","href":"https:\/\/api.w.org\/{rel}","templated":true}]}}