{"id":57911,"date":"2023-04-14T09:18:35","date_gmt":"2023-04-14T09:18:35","guid":{"rendered":"https:\/\/martaesmarats.com\/veu"},"modified":"2023-06-21T08:12:44","modified_gmt":"2023-06-21T08:12:44","slug":"voz","status":"publish","type":"page","link":"https:\/\/martaesmarats.com\/es\/voz","title":{"rendered":"Voz"},"content":{"rendered":"<section class=\"wpb-content-wrapper\"><p>[vc_row el_class=\u00bbproject-text\u00bb][vc_column width=\u00bb2\/3&#8243;]<div class=\"dt-fancy-separator title-left h1-size style-disabled accent-title-color\" style=\"width: 100%;\"><div class=\"dt-fancy-title\"><span class=\"separator-holder separator-left\"><\/span>Voz<span class=\"separator-holder separator-right\"><\/span><\/div><\/div>[vc_column_text]<\/p>\n<h3 style=\"font-family: 'Didact Gothic', Helvetica, Arial; color: #483d3f; font-weight: 200; line-height: 38px; margin-bottom: -5px;\">Actriz i locutora. M\u00e1s de veinte a\u00f1os trabajando con la voz. Con m\u00faltiples registros, con posibilidad de trabajar distintos textos. Narrativos, teatrales, radiof\u00f3nicos, voiceover, documentales&#8230;<\/h3>\n<p><strong><br \/>\nUna voz con experiencia para diversas necesidades.<\/strong><\/p>\n<p>Te puedo ofrecer:<\/p>\n<h2>VOZ EN OFF para texto<\/h2>\n<p>Narrativo, dramatizado, un documental, para audiogu\u00edas, para un texto t\u00e9cnico, corporativo&#8230;<br \/>\nTambi\u00e9n para publicidad, mensaje grabado, voz para tutoriales, e-learning, blogs, presentaciones, voz para app, podcast<\/p>\n<h2>Caracter\u00edsticas de mi voz<\/h2>\n<ul>\n<li>Dominio del idioma catal\u00e1n<\/li>\n<li>Dominio del idioma castellano<\/li>\n<\/ul>\n<p>Hablo franc\u00e9s e italiano a nivel medio. Hablo el ingl\u00e9s nivel C.<\/p>\n<ul>\n<li>Voz clara y precisa. Muy buena dicci\u00f3n y nitidez.<\/li>\n<li>Registros y acentos, g\u00e9neros y personajes diversos. Gracias a la formaci\u00f3n y experiencia como actriz profesional y actriz de teatro visual y t\u00edteres haciendo la voz de muchos personajes.<\/li>\n<li>Comunicativa y vers\u00e1til.<\/li>\n<\/ul>\n<h2 style=\"font-weight: 200; font-family: 'Didact Gothic', Helvetica, Arial;\">Escucha mis trabajos, cu\u00e9ntame lo que necesitas.<\/h2>\n<p>[\/vc_column_text][vc_column_text]<iframe loading=\"lazy\" src=\"https:\/\/w.soundcloud.com\/player\/?url=https%3A\/\/api.soundcloud.com\/tracks\/1476051697&amp;color=%23058ed9&amp;auto_play=false&amp;hide_related=false&amp;show_comments=true&amp;show_user=true&amp;show_reposts=false&amp;show_teaser=true\" width=\"100%\" height=\"166\" frameborder=\"no\" scrolling=\"no\"><\/iframe>[\/vc_column_text][vc_column_text]<iframe loading=\"lazy\" src=\"https:\/\/w.soundcloud.com\/player\/?url=https%3A\/\/api.soundcloud.com\/tracks\/1476050572&amp;color=%23058ed9&amp;auto_play=false&amp;hide_related=false&amp;show_comments=true&amp;show_user=true&amp;show_reposts=false&amp;show_teaser=true\" width=\"100%\" height=\"166\" frameborder=\"no\" scrolling=\"no\"><\/iframe>[\/vc_column_text][vc_column_text]<iframe loading=\"lazy\" src=\"https:\/\/w.soundcloud.com\/player\/?url=https%3A\/\/api.soundcloud.com\/tracks\/1476049852&amp;color=%23058ed9&amp;auto_play=false&amp;hide_related=false&amp;show_comments=true&amp;show_user=true&amp;show_reposts=false&amp;show_teaser=true\" width=\"100%\" height=\"166\" frameborder=\"no\" scrolling=\"no\"><\/iframe>[\/vc_column_text][vc_column_text]<iframe loading=\"lazy\" src=\"https:\/\/w.soundcloud.com\/player\/?url=https%3A\/\/api.soundcloud.com\/tracks\/1476049003&amp;color=%23058ed9&amp;auto_play=false&amp;hide_related=false&amp;show_comments=true&amp;show_user=true&amp;show_reposts=false&amp;show_teaser=true\" width=\"100%\" height=\"166\" frameborder=\"no\" scrolling=\"no\"><\/iframe>[\/vc_column_text][vc_column_text]<iframe loading=\"lazy\" src=\"https:\/\/w.soundcloud.com\/player\/?url=https%3A\/\/api.soundcloud.com\/tracks\/1476047998&amp;color=%23058ed9&amp;auto_play=false&amp;hide_related=false&amp;show_comments=true&amp;show_user=true&amp;show_reposts=false&amp;show_teaser=true\" width=\"100%\" height=\"166\" frameborder=\"no\" scrolling=\"no\"><\/iframe>[\/vc_column_text][vc_column_text]<iframe loading=\"lazy\" src=\"https:\/\/w.soundcloud.com\/player\/?url=https%3A\/\/api.soundcloud.com\/tracks\/1476046231&amp;color=%23058ed9&amp;auto_play=false&amp;hide_related=false&amp;show_comments=true&amp;show_user=true&amp;show_reposts=false&amp;show_teaser=true\" width=\"100%\" height=\"166\" frameborder=\"no\" scrolling=\"no\"><\/iframe>[\/vc_column_text][vc_column_text]<iframe loading=\"lazy\" src=\"https:\/\/w.soundcloud.com\/player\/?url=https%3A\/\/api.soundcloud.com\/tracks\/1476043342&amp;color=%23058ed9&amp;auto_play=false&amp;hide_related=false&amp;show_comments=true&amp;show_user=true&amp;show_reposts=false&amp;show_teaser=true\" width=\"100%\" height=\"166\" frameborder=\"no\" scrolling=\"no\"><\/iframe>[\/vc_column_text][vc_column_text]<iframe loading=\"lazy\" src=\"https:\/\/w.soundcloud.com\/player\/?url=https%3A\/\/api.soundcloud.com\/tracks\/1476040414&amp;color=%23058ed9&amp;auto_play=false&amp;hide_related=false&amp;show_comments=true&amp;show_user=true&amp;show_reposts=false&amp;show_teaser=true\" width=\"100%\" height=\"166\" frameborder=\"no\" scrolling=\"no\"><\/iframe>[\/vc_column_text][vc_column_text]<iframe loading=\"lazy\" src=\"https:\/\/w.soundcloud.com\/player\/?url=https%3A\/\/api.soundcloud.com\/tracks\/1476044653&amp;color=%23058ed9&amp;auto_play=false&amp;hide_related=false&amp;show_comments=true&amp;show_user=true&amp;show_reposts=false&amp;show_teaser=true\" width=\"100%\" height=\"166\" frameborder=\"no\" scrolling=\"no\"><\/iframe><\/p>\n<p>[\/vc_column_text][vc_column_text]<iframe loading=\"lazy\" src=\"https:\/\/w.soundcloud.com\/player\/?url=https%3A\/\/api.soundcloud.com\/tracks\/1476047470&amp;color=%23058ed9&amp;auto_play=false&amp;hide_related=false&amp;show_comments=true&amp;show_user=true&amp;show_reposts=false&amp;show_teaser=true\" width=\"100%\" height=\"166\" frameborder=\"no\" scrolling=\"no\"><\/iframe><\/p>\n<p>[\/vc_column_text][vc_column_text]<iframe loading=\"lazy\" src=\"https:\/\/w.soundcloud.com\/player\/?url=https%3A\/\/api.soundcloud.com\/tracks\/1476407971&amp;color=%23058ed9&amp;auto_play=false&amp;hide_related=false&amp;show_comments=true&amp;show_user=true&amp;show_reposts=false&amp;show_teaser=true\" width=\"100%\" height=\"166\" frameborder=\"no\" scrolling=\"no\"><\/iframe><\/p>\n<p>[\/vc_column_text][vc_column_text]<iframe loading=\"lazy\" src=\"https:\/\/w.soundcloud.com\/player\/?url=https%3A\/\/api.soundcloud.com\/tracks\/1476416581&amp;color=%23058ed9&amp;auto_play=false&amp;hide_related=false&amp;show_comments=true&amp;show_user=true&amp;show_reposts=false&amp;show_teaser=true\" width=\"100%\" height=\"166\" frameborder=\"no\" scrolling=\"no\"><\/iframe><\/p>\n<p>[\/vc_column_text][\/vc_column][vc_column width=\u00bb1\/3&#8243;][\/vc_column][\/vc_row][vc_row][vc_column width=\u00bb2\/3&#8243;]<div class=\"dt-fancy-separator title-left h1-size style-disabled accent-title-color\" style=\"width: 100%;\"><div class=\"dt-fancy-title\"><span class=\"separator-holder separator-left\"><\/span>V\u00eddeos<span class=\"separator-holder separator-right\"><\/span><\/div><\/div>[vc_column_text]Voz en off documental : Qu\u00e8 diuen els ocells? Museu Industrial del Ter y la Fundaci\u00f3 Verdaguer. Direcci\u00f3n documental: Albert Naud\u00edn de www.filmexplora.com<br \/>\n<a href=\"https:\/\/youtu.be\/3Ysv_UoctcI\" target=\"_blank\" rel=\"noopener\">https:\/\/youtu.be\/3Ysv_UoctcI<\/a>[\/vc_column_text][vc_video link=\u00bbhttps:\/\/youtu.be\/3Ysv_UoctcI\u00bb][vc_column_text]Narrativo dramatizado para el cuento Lo mariner de Sant Pau, de Jacint Verdaguer para la Fundaci\u00f3 Jacint Verdaguer.<br \/>\n<a href=\"https:\/\/youtu.be\/xaGyOuZ2suY\" target=\"_blank\" rel=\"noopener\">https:\/\/youtu.be\/xaGyOuZ2suY<\/a>[\/vc_column_text][vc_video link=\u00bbhttps:\/\/youtu.be\/xaGyOuZ2suY\u00bb][\/vc_column][vc_column width=\u00bb1\/3&#8243;][\/vc_column][\/vc_row]<\/p>\n<\/section>","protected":false},"excerpt":{"rendered":"<p>[vc_row el_class=\u00bbproject-text\u00bb][vc_column width=\u00bb2\/3&#8243;][vc_column_text] Actriz i locutora. M\u00e1s de veinte a\u00f1os trabajando con la voz. Con m\u00faltiples registros, con posibilidad de trabajar distintos textos. Narrativos, teatrales, radiof\u00f3nicos, voiceover, documentales&#8230; Una voz con experiencia para diversas necesidades. Te puedo ofrecer: VOZ EN OFF para texto Narrativo, dramatizado, un documental, para audiogu\u00edas, para un texto t\u00e9cnico, corporativo&#8230; Tambi\u00e9n&hellip;<\/p>\n","protected":false},"author":1,"featured_media":0,"parent":0,"menu_order":0,"comment_status":"closed","ping_status":"closed","template":"","meta":{"footnotes":""},"class_list":["post-57911","page","type-page","status-publish","hentry","description-off"],"yoast_head":"<!-- This site is optimized with the Yoast SEO plugin v27.4 - https:\/\/yoast.com\/product\/yoast-seo-wordpress\/ -->\n<title>Voz - Marta Esmarats - Actriz y locutora | locutores catalanes, locuci\u00f3n catal\u00e1n, locuci\u00f3n profesional, locuci\u00f3n profesional,locutor online, voz en off, voiceover, locutor freelance, recitar, recitador, actriz de voz, actriz de voz.<\/title>\n<meta name=\"description\" content=\"Actriz y locutora. M\u00e1s de veinte a\u00f1os trabajando con la voz. Con m\u00faltiples registros, con posibilidad de trabajar distintos textos. Narrativos, teatrales, radiof\u00f3nicos, voiceover, documentales...\" \/>\n<meta name=\"robots\" content=\"index, follow, max-snippet:-1, max-image-preview:large, max-video-preview:-1\" \/>\n<link rel=\"canonical\" href=\"https:\/\/martaesmarats.com\/es\/voz\" \/>\n<meta property=\"og:locale\" content=\"es_ES\" \/>\n<meta property=\"og:type\" content=\"article\" \/>\n<meta property=\"og:title\" content=\"Voz - Marta Esmarats - Actriz y locutora | locutores catalanes, locuci\u00f3n catal\u00e1n, locuci\u00f3n profesional, locuci\u00f3n profesional,locutor online, voz en off, voiceover, locutor freelance, recitar, recitador, actriz de voz, actriz de voz.\" \/>\n<meta property=\"og:description\" content=\"Actriz y locutora. M\u00e1s de veinte a\u00f1os trabajando con la voz. Con m\u00faltiples registros, con posibilidad de trabajar distintos textos. Narrativos, teatrales, radiof\u00f3nicos, voiceover, documentales...\" \/>\n<meta property=\"og:url\" content=\"https:\/\/martaesmarats.com\/es\/voz\" \/>\n<meta property=\"og:site_name\" content=\"Marta Esmarats\" \/>\n<meta property=\"article:modified_time\" content=\"2023-06-21T08:12:44+00:00\" \/>\n<meta name=\"twitter:card\" content=\"summary_large_image\" \/>\n<meta name=\"twitter:label1\" content=\"Tiempo de lectura\" \/>\n\t<meta name=\"twitter:data1\" content=\"2 minutos\" \/>\n<script type=\"application\/ld+json\" class=\"yoast-schema-graph\">{\"@context\":\"https:\\\/\\\/schema.org\",\"@graph\":[{\"@type\":\"WebPage\",\"@id\":\"https:\\\/\\\/martaesmarats.com\\\/es\\\/voz\",\"url\":\"https:\\\/\\\/martaesmarats.com\\\/es\\\/voz\",\"name\":\"Voz - Marta Esmarats - Actriz y locutora | locutores catalanes, locuci\u00f3n catal\u00e1n, locuci\u00f3n profesional, locuci\u00f3n profesional,locutor online, voz en off, voiceover, locutor freelance, recitar, recitador, actriz de voz, actriz de voz.\",\"isPartOf\":{\"@id\":\"https:\\\/\\\/martaesmarats.com\\\/es#website\"},\"datePublished\":\"2023-04-14T09:18:35+00:00\",\"dateModified\":\"2023-06-21T08:12:44+00:00\",\"description\":\"Actriz y locutora. M\u00e1s de veinte a\u00f1os trabajando con la voz. Con m\u00faltiples registros, con posibilidad de trabajar distintos textos. Narrativos, teatrales, radiof\u00f3nicos, voiceover, documentales...\",\"breadcrumb\":{\"@id\":\"https:\\\/\\\/martaesmarats.com\\\/es\\\/voz#breadcrumb\"},\"inLanguage\":\"es\",\"potentialAction\":[{\"@type\":\"ReadAction\",\"target\":[\"https:\\\/\\\/martaesmarats.com\\\/es\\\/voz\"]}]},{\"@type\":\"BreadcrumbList\",\"@id\":\"https:\\\/\\\/martaesmarats.com\\\/es\\\/voz#breadcrumb\",\"itemListElement\":[{\"@type\":\"ListItem\",\"position\":1,\"name\":\"Portada\",\"item\":\"https:\\\/\\\/martaesmarats.com\\\/es\"},{\"@type\":\"ListItem\",\"position\":2,\"name\":\"Voz\"}]},{\"@type\":\"WebSite\",\"@id\":\"https:\\\/\\\/martaesmarats.com\\\/es#website\",\"url\":\"https:\\\/\\\/martaesmarats.com\\\/es\",\"name\":\"Marta Esmarats\",\"description\":\"\",\"potentialAction\":[{\"@type\":\"SearchAction\",\"target\":{\"@type\":\"EntryPoint\",\"urlTemplate\":\"https:\\\/\\\/martaesmarats.com\\\/es?s={search_term_string}\"},\"query-input\":{\"@type\":\"PropertyValueSpecification\",\"valueRequired\":true,\"valueName\":\"search_term_string\"}}],\"inLanguage\":\"es\"}]}<\/script>\n<!-- \/ Yoast SEO plugin. -->","yoast_head_json":{"title":"Voz - Marta Esmarats - Actriz y locutora | locutores catalanes, locuci\u00f3n catal\u00e1n, locuci\u00f3n profesional, locuci\u00f3n profesional,locutor online, voz en off, voiceover, locutor freelance, recitar, recitador, actriz de voz, actriz de voz.","description":"Actriz y locutora. M\u00e1s de veinte a\u00f1os trabajando con la voz. Con m\u00faltiples registros, con posibilidad de trabajar distintos textos. Narrativos, teatrales, radiof\u00f3nicos, voiceover, documentales...","robots":{"index":"index","follow":"follow","max-snippet":"max-snippet:-1","max-image-preview":"max-image-preview:large","max-video-preview":"max-video-preview:-1"},"canonical":"https:\/\/martaesmarats.com\/es\/voz","og_locale":"es_ES","og_type":"article","og_title":"Voz - Marta Esmarats - Actriz y locutora | locutores catalanes, locuci\u00f3n catal\u00e1n, locuci\u00f3n profesional, locuci\u00f3n profesional,locutor online, voz en off, voiceover, locutor freelance, recitar, recitador, actriz de voz, actriz de voz.","og_description":"Actriz y locutora. M\u00e1s de veinte a\u00f1os trabajando con la voz. Con m\u00faltiples registros, con posibilidad de trabajar distintos textos. Narrativos, teatrales, radiof\u00f3nicos, voiceover, documentales...","og_url":"https:\/\/martaesmarats.com\/es\/voz","og_site_name":"Marta Esmarats","article_modified_time":"2023-06-21T08:12:44+00:00","twitter_card":"summary_large_image","twitter_misc":{"Tiempo de lectura":"2 minutos"},"schema":{"@context":"https:\/\/schema.org","@graph":[{"@type":"WebPage","@id":"https:\/\/martaesmarats.com\/es\/voz","url":"https:\/\/martaesmarats.com\/es\/voz","name":"Voz - Marta Esmarats - Actriz y locutora | locutores catalanes, locuci\u00f3n catal\u00e1n, locuci\u00f3n profesional, locuci\u00f3n profesional,locutor online, voz en off, voiceover, locutor freelance, recitar, recitador, actriz de voz, actriz de voz.","isPartOf":{"@id":"https:\/\/martaesmarats.com\/es#website"},"datePublished":"2023-04-14T09:18:35+00:00","dateModified":"2023-06-21T08:12:44+00:00","description":"Actriz y locutora. M\u00e1s de veinte a\u00f1os trabajando con la voz. Con m\u00faltiples registros, con posibilidad de trabajar distintos textos. Narrativos, teatrales, radiof\u00f3nicos, voiceover, documentales...","breadcrumb":{"@id":"https:\/\/martaesmarats.com\/es\/voz#breadcrumb"},"inLanguage":"es","potentialAction":[{"@type":"ReadAction","target":["https:\/\/martaesmarats.com\/es\/voz"]}]},{"@type":"BreadcrumbList","@id":"https:\/\/martaesmarats.com\/es\/voz#breadcrumb","itemListElement":[{"@type":"ListItem","position":1,"name":"Portada","item":"https:\/\/martaesmarats.com\/es"},{"@type":"ListItem","position":2,"name":"Voz"}]},{"@type":"WebSite","@id":"https:\/\/martaesmarats.com\/es#website","url":"https:\/\/martaesmarats.com\/es","name":"Marta Esmarats","description":"","potentialAction":[{"@type":"SearchAction","target":{"@type":"EntryPoint","urlTemplate":"https:\/\/martaesmarats.com\/es?s={search_term_string}"},"query-input":{"@type":"PropertyValueSpecification","valueRequired":true,"valueName":"search_term_string"}}],"inLanguage":"es"}]}},"_links":{"self":[{"href":"https:\/\/martaesmarats.com\/es\/wp-json\/wp\/v2\/pages\/57911","targetHints":{"allow":["GET"]}}],"collection":[{"href":"https:\/\/martaesmarats.com\/es\/wp-json\/wp\/v2\/pages"}],"about":[{"href":"https:\/\/martaesmarats.com\/es\/wp-json\/wp\/v2\/types\/page"}],"author":[{"embeddable":true,"href":"https:\/\/martaesmarats.com\/es\/wp-json\/wp\/v2\/users\/1"}],"replies":[{"embeddable":true,"href":"https:\/\/martaesmarats.com\/es\/wp-json\/wp\/v2\/comments?post=57911"}],"version-history":[{"count":5,"href":"https:\/\/martaesmarats.com\/es\/wp-json\/wp\/v2\/pages\/57911\/revisions"}],"predecessor-version":[{"id":57916,"href":"https:\/\/martaesmarats.com\/es\/wp-json\/wp\/v2\/pages\/57911\/revisions\/57916"}],"wp:attachment":[{"href":"https:\/\/martaesmarats.com\/es\/wp-json\/wp\/v2\/media?parent=57911"}],"curies":[{"name":"wp","href":"https:\/\/api.w.org\/{rel}","templated":true}]}}