{"id":57910,"date":"2023-04-14T13:39:44","date_gmt":"2023-04-14T13:39:44","guid":{"rendered":"https:\/\/martaesmarats.com\/marge-cremat"},"modified":"2023-06-21T08:23:56","modified_gmt":"2023-06-21T08:23:56","slug":"margen-quemado","status":"publish","type":"page","link":"https:\/\/martaesmarats.com\/es\/margen-quemado","title":{"rendered":"Margen quemado"},"content":{"rendered":"<section class=\"wpb-content-wrapper\"><p>[vc_row][vc_column]<style type=\"text\/css\" data-type=\"the7_shortcodes-inline-css\">.carousel-shortcode.carousel-shortcode-id-6531c74ba17f322f250dc071118f1a38.owl-carousel .owl-nav div {\n  width: 0px;\n  height: 0px;\n  border-radius: 500px;\n}\n.dt-arrow-border-on.carousel-shortcode.carousel-shortcode-id-6531c74ba17f322f250dc071118f1a38.owl-carousel .owl-nav div:not(:hover):before {\n  border-width: 0px;\n}\n.dt-arrow-hover-border-on.carousel-shortcode.carousel-shortcode-id-6531c74ba17f322f250dc071118f1a38.owl-carousel .owl-nav div:hover:after {\n  border-width: 0px;\n}\n.carousel-shortcode.carousel-shortcode-id-6531c74ba17f322f250dc071118f1a38.owl-carousel .owl-nav div.owl-prev {\n  top: 50%;\n  transform: translateY(calc(-50% + 0px));\n  left: 50px;\n}\n@media all and (-ms-high-contrast: none) {\n  .carousel-shortcode.carousel-shortcode-id-6531c74ba17f322f250dc071118f1a38.owl-carousel .owl-nav div.owl-prev {\n    transform: translateY(-50%);\n    margin-top: 0px;\n  }\n}\n.carousel-shortcode.carousel-shortcode-id-6531c74ba17f322f250dc071118f1a38.owl-carousel .owl-nav div.owl-prev i {\n  padding: 0px 0px 0px 0px;\n}\n.carousel-shortcode.carousel-shortcode-id-6531c74ba17f322f250dc071118f1a38.owl-carousel .owl-nav div.owl-next {\n  top: 50%;\n  transform: translateY(calc(-50% + 0px));\n  right: 50px;\n}\n@media all and (-ms-high-contrast: none) {\n  .carousel-shortcode.carousel-shortcode-id-6531c74ba17f322f250dc071118f1a38.owl-carousel .owl-nav div.owl-next {\n    transform: translateY(-50%);\n    margin-top: 0px;\n  }\n}\n.carousel-shortcode.carousel-shortcode-id-6531c74ba17f322f250dc071118f1a38.owl-carousel .owl-nav div.owl-next i {\n  padding: 0px 0px 0px 0px;\n}\n.carousel-shortcode.carousel-shortcode-id-6531c74ba17f322f250dc071118f1a38.owl-carousel .owl-nav i {\n  font-size: 80px;\n}\n.carousel-shortcode.carousel-shortcode-id-6531c74ba17f322f250dc071118f1a38.owl-carousel .owl-nav div:not(:hover) i,\n.carousel-shortcode.carousel-shortcode-id-6531c74ba17f322f250dc071118f1a38.owl-carousel .owl-nav div:not(:hover) i:before {\n  color: #ffffff;\n  background: none;\n}\n.carousel-shortcode.carousel-shortcode-id-6531c74ba17f322f250dc071118f1a38.owl-carousel .owl-nav div:hover i,\n.carousel-shortcode.carousel-shortcode-id-6531c74ba17f322f250dc071118f1a38.owl-carousel .owl-nav div:hover i:before {\n  color: rgba(255,255,255,0.75);\n  background: none;\n}\n.carousel-shortcode.carousel-shortcode-id-6531c74ba17f322f250dc071118f1a38 .owl-dots {\n  top: calc(100% + 20px);\n  left: 50%;\n  transform: translateX(calc(-50% + 0px));\n}\n@media all and (-ms-high-contrast: none) {\n  .carousel-shortcode.carousel-shortcode-id-6531c74ba17f322f250dc071118f1a38 .owl-dots {\n    transform: translateX(-50%);\n    margin-left: 0px;\n  }\n}\n.carousel-shortcode.carousel-shortcode-id-6531c74ba17f322f250dc071118f1a38 .owl-dot {\n  width: 10px;\n  height: 10px;\n  margin: 0 8px;\n}\n@media screen and (max-width: 778px) {\n  .carousel-shortcode.carousel-shortcode-id-6531c74ba17f322f250dc071118f1a38.hide-arrows .owl-nav a {\n    display: none;\n  }\n}\n@media screen and (max-width: 778px) {\n  .carousel-shortcode.carousel-shortcode-id-6531c74ba17f322f250dc071118f1a38.reposition-arrows .owl-nav .owl-prev {\n    top: 50%;\n    transform: translateY(calc(-50% + 0px));\n    left: 10px;\n  }\n  .carousel-shortcode.carousel-shortcode-id-6531c74ba17f322f250dc071118f1a38.reposition-arrows .owl-nav .owl-next {\n    top: 50%;\n    transform: translateY(calc(-50% + 0px));\n    right: 10px;\n  }\n}\n@media screen and (max-width: 778px) and all and (-ms-high-contrast: none) {\n  .carousel-shortcode.carousel-shortcode-id-6531c74ba17f322f250dc071118f1a38.reposition-arrows .owl-nav .owl-prev {\n    transform: translateY(-50%);\n    margin-top: 0px;\n  }\n}\n@media screen and (max-width: 778px) and all and (-ms-high-contrast: none) {\n  .carousel-shortcode.carousel-shortcode-id-6531c74ba17f322f250dc071118f1a38.reposition-arrows .owl-nav .owl-next {\n    transform: translateY(-50%);\n    margin-top: 0px;\n  }\n}<\/style><div class=\"owl-carousel carousel-shortcode dt-owl-carousel-call carousel-shortcode-id-6531c74ba17f322f250dc071118f1a38 bullets-small-dot-stroke reposition-arrows arrows-bg-off dt-arrow-hover-border-on disable-arrows-hover-bg arrows-hover-bg-on  \" data-scroll-mode=\"1\" data-col-num=\"1\" data-wide-col-num=\"1\" data-laptop-col=\"1\" data-h-tablet-columns-num=\"1\" data-v-tablet-columns-num=\"1\" data-phone-columns-num=\"1\" data-auto-height=\"true\" data-col-gap=\"0\" data-stage-padding=\"0\" data-speed=\"600\" data-autoplay=\"false\" data-autoplay_speed=\"6000\" data-arrows=\"true\" data-bullet=\"false\" data-next-icon=\"icon-ar-023-r\" data-prev-icon=\"icon-ar-023-l\">[vc_single_image image=\u00bb57639&#8243; img_size=\u00bbfull\u00bb][vc_single_image image=\u00bb57638&#8243; img_size=\u00bbfull\u00bb][vc_single_image image=\u00bb57637&#8243; img_size=\u00bbfull\u00bb][vc_single_image image=\u00bb57636&#8243; img_size=\u00bbfull\u00bb][vc_single_image image=\u00bb57635&#8243; img_size=\u00bbfull\u00bb]<\/div>[\/vc_column][\/vc_row][vc_row el_class=\u00bbproject-text\u00bb][vc_column][vc_column_text el_id=\u00bbproject-desc\u00bb]<\/p>\n<h1>MARGEN<br \/>\nQUEMADO<\/h1>\n<h3><em>Madera carbonizada, p\u00e9talos de tupinambo, mimbre<\/em><\/h3>\n<p>Un nido, un margen, un refugio. La opresi\u00f3n de un sistema pol\u00edtico en el que se tiende a la homogeneizaci\u00f3n y a la p\u00e9rdida de la diversidad.<\/p>\n<p><strong>Margen<\/strong><br \/>\nLa vegetaci\u00f3n de los m\u00e1rgenes es vital para los insectos polinizadores, sirve de refugio para muchas especies y es un conector biol\u00f3gico.<\/p>\n<p><strong>Quemado<\/strong><br \/>\nQuemamos \u201clas malas hierbas\u201d y dejamos de hablar, o sustituimos parte de las palabras de una lengua porque es \u201clocal, minorizada&#8230;\u201d por otra mayoritaria.<\/p>\n<p><strong>Marco<\/strong><br \/>\nInventario de muertes. Plantas y animales de margen. Lenguas al margen, en riesgo de extinci\u00f3n.<\/p>\n<p><strong>P\u00e9rdida de diversidad natural y cultural.<\/strong> Cuando se pierde una lengua, se pierde una gran informaci\u00f3n medioambiental y cultural.<\/p>\n<p>Autor\u00eda: Marcel\u00b7l\u00ed Guti\u00e9rrez y Marta Esmarats<\/p>\n<p>02.10.22 Santa Eul\u00e0lia de Riuprimer \u201cCam\u00ed de Vida\u201d[\/vc_column_text][vc_empty_space height=\u00bb20px\u00bb][\/vc_column][\/vc_row][vc_row][vc_column width=\u00bb1\/3&#8243;][vc_single_image image=\u00bb57662&#8243; img_size=\u00bbfull\u00bb][\/vc_column][vc_column width=\u00bb1\/3&#8243;][vc_single_image image=\u00bb57661&#8243; img_size=\u00bbfull\u00bb][\/vc_column][vc_column width=\u00bb1\/3&#8243;][vc_single_image image=\u00bb57660&#8243; img_size=\u00bbfull\u00bb][\/vc_column][\/vc_row]<\/p>\n<\/section>","protected":false},"excerpt":{"rendered":"<p>[vc_row][vc_column][\/vc_column][\/vc_row][vc_row el_class=\u00bbproject-text\u00bb][vc_column][vc_column_text el_id=\u00bbproject-desc\u00bb] MARGEN QUEMADO Madera carbonizada, p\u00e9talos de tupinambo, mimbre Un nido, un margen, un refugio. La opresi\u00f3n de un sistema pol\u00edtico en el que se tiende a la homogeneizaci\u00f3n y a la p\u00e9rdida de la diversidad. Margen La vegetaci\u00f3n de los m\u00e1rgenes es vital para los insectos polinizadores, sirve de refugio para muchas&hellip;<\/p>\n","protected":false},"author":1,"featured_media":0,"parent":0,"menu_order":0,"comment_status":"closed","ping_status":"closed","template":"","meta":{"footnotes":""},"class_list":["post-57910","page","type-page","status-publish","hentry","description-off"],"yoast_head":"<!-- This site is optimized with the Yoast SEO plugin v27.5 - https:\/\/yoast.com\/product\/yoast-seo-wordpress\/ -->\n<title>Margen quemado - Marta Esmarats<\/title>\n<meta name=\"robots\" content=\"index, follow, max-snippet:-1, max-image-preview:large, max-video-preview:-1\" \/>\n<link rel=\"canonical\" href=\"https:\/\/martaesmarats.com\/es\/margen-quemado\" \/>\n<meta property=\"og:locale\" content=\"es_ES\" \/>\n<meta property=\"og:type\" content=\"article\" \/>\n<meta property=\"og:title\" content=\"Margen quemado - Marta Esmarats\" \/>\n<meta property=\"og:description\" content=\"[vc_row][vc_column][\/vc_column][\/vc_row][vc_row el_class=\u00bbproject-text\u00bb][vc_column][vc_column_text el_id=\u00bbproject-desc\u00bb] MARGEN QUEMADO Madera carbonizada, p\u00e9talos de tupinambo, mimbre Un nido, un margen, un refugio. La opresi\u00f3n de un sistema pol\u00edtico en el que se tiende a la homogeneizaci\u00f3n y a la p\u00e9rdida de la diversidad. Margen La vegetaci\u00f3n de los m\u00e1rgenes es vital para los insectos polinizadores, sirve de refugio para muchas&hellip;\" \/>\n<meta property=\"og:url\" content=\"https:\/\/martaesmarats.com\/es\/margen-quemado\" \/>\n<meta property=\"og:site_name\" content=\"Marta Esmarats\" \/>\n<meta property=\"article:modified_time\" content=\"2023-06-21T08:23:56+00:00\" \/>\n<meta name=\"twitter:card\" content=\"summary_large_image\" \/>\n<meta name=\"twitter:label1\" content=\"Tiempo de lectura\" \/>\n\t<meta name=\"twitter:data1\" content=\"1 minuto\" \/>\n<script type=\"application\/ld+json\" class=\"yoast-schema-graph\">{\"@context\":\"https:\\\/\\\/schema.org\",\"@graph\":[{\"@type\":\"WebPage\",\"@id\":\"https:\\\/\\\/martaesmarats.com\\\/es\\\/margen-quemado\",\"url\":\"https:\\\/\\\/martaesmarats.com\\\/es\\\/margen-quemado\",\"name\":\"Margen quemado - Marta Esmarats\",\"isPartOf\":{\"@id\":\"https:\\\/\\\/martaesmarats.com\\\/es#website\"},\"datePublished\":\"2023-04-14T13:39:44+00:00\",\"dateModified\":\"2023-06-21T08:23:56+00:00\",\"breadcrumb\":{\"@id\":\"https:\\\/\\\/martaesmarats.com\\\/es\\\/margen-quemado#breadcrumb\"},\"inLanguage\":\"es\",\"potentialAction\":[{\"@type\":\"ReadAction\",\"target\":[\"https:\\\/\\\/martaesmarats.com\\\/es\\\/margen-quemado\"]}]},{\"@type\":\"BreadcrumbList\",\"@id\":\"https:\\\/\\\/martaesmarats.com\\\/es\\\/margen-quemado#breadcrumb\",\"itemListElement\":[{\"@type\":\"ListItem\",\"position\":1,\"name\":\"Portada\",\"item\":\"https:\\\/\\\/martaesmarats.com\\\/es\"},{\"@type\":\"ListItem\",\"position\":2,\"name\":\"Margen quemado\"}]},{\"@type\":\"WebSite\",\"@id\":\"https:\\\/\\\/martaesmarats.com\\\/es#website\",\"url\":\"https:\\\/\\\/martaesmarats.com\\\/es\",\"name\":\"Marta Esmarats\",\"description\":\"\",\"potentialAction\":[{\"@type\":\"SearchAction\",\"target\":{\"@type\":\"EntryPoint\",\"urlTemplate\":\"https:\\\/\\\/martaesmarats.com\\\/es?s={search_term_string}\"},\"query-input\":{\"@type\":\"PropertyValueSpecification\",\"valueRequired\":true,\"valueName\":\"search_term_string\"}}],\"inLanguage\":\"es\"}]}<\/script>\n<!-- \/ Yoast SEO plugin. -->","yoast_head_json":{"title":"Margen quemado - Marta Esmarats","robots":{"index":"index","follow":"follow","max-snippet":"max-snippet:-1","max-image-preview":"max-image-preview:large","max-video-preview":"max-video-preview:-1"},"canonical":"https:\/\/martaesmarats.com\/es\/margen-quemado","og_locale":"es_ES","og_type":"article","og_title":"Margen quemado - Marta Esmarats","og_description":"[vc_row][vc_column][\/vc_column][\/vc_row][vc_row el_class=\u00bbproject-text\u00bb][vc_column][vc_column_text el_id=\u00bbproject-desc\u00bb] MARGEN QUEMADO Madera carbonizada, p\u00e9talos de tupinambo, mimbre Un nido, un margen, un refugio. La opresi\u00f3n de un sistema pol\u00edtico en el que se tiende a la homogeneizaci\u00f3n y a la p\u00e9rdida de la diversidad. Margen La vegetaci\u00f3n de los m\u00e1rgenes es vital para los insectos polinizadores, sirve de refugio para muchas&hellip;","og_url":"https:\/\/martaesmarats.com\/es\/margen-quemado","og_site_name":"Marta Esmarats","article_modified_time":"2023-06-21T08:23:56+00:00","twitter_card":"summary_large_image","twitter_misc":{"Tiempo de lectura":"1 minuto"},"schema":{"@context":"https:\/\/schema.org","@graph":[{"@type":"WebPage","@id":"https:\/\/martaesmarats.com\/es\/margen-quemado","url":"https:\/\/martaesmarats.com\/es\/margen-quemado","name":"Margen quemado - Marta Esmarats","isPartOf":{"@id":"https:\/\/martaesmarats.com\/es#website"},"datePublished":"2023-04-14T13:39:44+00:00","dateModified":"2023-06-21T08:23:56+00:00","breadcrumb":{"@id":"https:\/\/martaesmarats.com\/es\/margen-quemado#breadcrumb"},"inLanguage":"es","potentialAction":[{"@type":"ReadAction","target":["https:\/\/martaesmarats.com\/es\/margen-quemado"]}]},{"@type":"BreadcrumbList","@id":"https:\/\/martaesmarats.com\/es\/margen-quemado#breadcrumb","itemListElement":[{"@type":"ListItem","position":1,"name":"Portada","item":"https:\/\/martaesmarats.com\/es"},{"@type":"ListItem","position":2,"name":"Margen quemado"}]},{"@type":"WebSite","@id":"https:\/\/martaesmarats.com\/es#website","url":"https:\/\/martaesmarats.com\/es","name":"Marta Esmarats","description":"","potentialAction":[{"@type":"SearchAction","target":{"@type":"EntryPoint","urlTemplate":"https:\/\/martaesmarats.com\/es?s={search_term_string}"},"query-input":{"@type":"PropertyValueSpecification","valueRequired":true,"valueName":"search_term_string"}}],"inLanguage":"es"}]}},"_links":{"self":[{"href":"https:\/\/martaesmarats.com\/es\/wp-json\/wp\/v2\/pages\/57910","targetHints":{"allow":["GET"]}}],"collection":[{"href":"https:\/\/martaesmarats.com\/es\/wp-json\/wp\/v2\/pages"}],"about":[{"href":"https:\/\/martaesmarats.com\/es\/wp-json\/wp\/v2\/types\/page"}],"author":[{"embeddable":true,"href":"https:\/\/martaesmarats.com\/es\/wp-json\/wp\/v2\/users\/1"}],"replies":[{"embeddable":true,"href":"https:\/\/martaesmarats.com\/es\/wp-json\/wp\/v2\/comments?post=57910"}],"version-history":[{"count":2,"href":"https:\/\/martaesmarats.com\/es\/wp-json\/wp\/v2\/pages\/57910\/revisions"}],"predecessor-version":[{"id":57921,"href":"https:\/\/martaesmarats.com\/es\/wp-json\/wp\/v2\/pages\/57910\/revisions\/57921"}],"wp:attachment":[{"href":"https:\/\/martaesmarats.com\/es\/wp-json\/wp\/v2\/media?parent=57910"}],"curies":[{"name":"wp","href":"https:\/\/api.w.org\/{rel}","templated":true}]}}