{"id":57909,"date":"2023-04-14T10:29:05","date_gmt":"2023-04-14T10:29:05","guid":{"rendered":"https:\/\/martaesmarats.com\/llauna"},"modified":"2023-06-21T09:06:39","modified_gmt":"2023-06-21T09:06:39","slug":"llauna","status":"publish","type":"page","link":"https:\/\/martaesmarats.com\/es\/llauna","title":{"rendered":"Lla\u00fcna"},"content":{"rendered":"<section class=\"wpb-content-wrapper\"><p>[vc_row][vc_column width=\u00bb2\/3&#8243;]<div class=\"dt-fancy-separator title-left h1-size style-disabled accent-title-color\" style=\"width: 100%;\"><div class=\"dt-fancy-title\"><span class=\"separator-holder separator-left\"><\/span>LLA\u00dcNA<span class=\"separator-holder separator-right\"><\/span><\/div><\/div>[\/vc_column][vc_column width=\u00bb1\/3&#8243;][\/vc_column][\/vc_row][vc_row el_class=\u00bbdidact\u00bb][vc_column][vc_column_text el_class=\u00bbproject-info\u00bb]<\/p>\n<p style=\"line-height: 30px;\">Instalaciones art\u00edsticas<br \/>\nMateriales creativos<br \/>\nIntervenciones y exposiciones en espacios diversos<\/p>\n<p>[\/vc_column_text][vc_column_text el_id=\u00bbproject-desc\u00bb]En verano de 2022 nace este nuevo proyecto. Una aventura creativa formada por Marcel.l\u00ed Guti\u00e9rrez Arum\u00ed y Marta Esmarats Bigas. Ambos contamos historias sumando nuestros mundos profesionales, las artes visuales y las artes esc\u00e9nicas; la voz y la graf\u00eda; el espacio y el objeto.<\/p>\n<p>Creamos instalaciones y acciones art\u00edsticas en varios lugares para generar interacciones, nuevas miradas y di\u00e1logo a trav\u00e9s del arte.<br \/>\nValoramos y cuidamos los diferentes lenguajes expresivos que utilizamos para captar la mirada del visitante en espera de que, por unos momentos, se detenga y viajemos juntos.[\/vc_column_text][vc_empty_space height=\u00bb20px\u00bb][\/vc_column][\/vc_row][vc_row][vc_column width=\u00bb1\/3&#8243;][vc_single_image image=\u00bb57625&#8243; img_size=\u00bbfull\u00bb onclick=\u00bbcustom_link\u00bb link=\u00bbhttps:\/\/martaesmarats.com\/es\/margen-quemado\u00bb][\/vc_column][vc_column width=\u00bb1\/3&#8243;][vc_single_image image=\u00bb57626&#8243; img_size=\u00bbfull\u00bb onclick=\u00bbcustom_link\u00bb link=\u00bbhttps:\/\/martaesmarats.com\/es\/instalaciones-alados\u00bb][\/vc_column][vc_column width=\u00bb1\/3&#8243;][vc_single_image image=\u00bb57627&#8243; img_size=\u00bbfull\u00bb onclick=\u00bbcustom_link\u00bb link=\u00bbhttps:\/\/martaesmarats.com\/es\/instalacion-el-miedo\u00bb][\/vc_column][\/vc_row]<\/p>\n<\/section>","protected":false},"excerpt":{"rendered":"<p>[vc_row][vc_column width=\u00bb2\/3&#8243;][\/vc_column][vc_column width=\u00bb1\/3&#8243;][\/vc_column][\/vc_row][vc_row el_class=\u00bbdidact\u00bb][vc_column][vc_column_text el_class=\u00bbproject-info\u00bb] Instalaciones art\u00edsticas Materiales creativos Intervenciones y exposiciones en espacios diversos [\/vc_column_text][vc_column_text el_id=\u00bbproject-desc\u00bb]En verano de 2022 nace este nuevo proyecto. Una aventura creativa formada por Marcel.l\u00ed Guti\u00e9rrez Arum\u00ed y Marta Esmarats Bigas. Ambos contamos historias sumando nuestros mundos profesionales, las artes visuales y las artes esc\u00e9nicas; la voz y la graf\u00eda;&hellip;<\/p>\n","protected":false},"author":1,"featured_media":0,"parent":0,"menu_order":0,"comment_status":"closed","ping_status":"closed","template":"","meta":{"footnotes":""},"class_list":["post-57909","page","type-page","status-publish","hentry","description-off"],"yoast_head":"<!-- This site is optimized with the Yoast SEO plugin v27.4 - https:\/\/yoast.com\/product\/yoast-seo-wordpress\/ -->\n<title>Lla\u00fcna - Marta Esmarats - Actriz y locutora | locutores catalanes, locuci\u00f3n catal\u00e1n, locuci\u00f3n profesional, locuci\u00f3n profesional,locutor online, voz en off, voiceover, locutor freelance, recitar, recitador, actriz de voz, actriz de voz.<\/title>\n<meta name=\"description\" content=\"Actriz y locutora. M\u00e1s de veinte a\u00f1os trabajando con la voz. Con m\u00faltiples registros, con posibilidad de trabajar distintos textos. Narrativos, teatrales, radiof\u00f3nicos, voiceover, documentales.\" \/>\n<meta name=\"robots\" content=\"index, follow, max-snippet:-1, max-image-preview:large, max-video-preview:-1\" \/>\n<link rel=\"canonical\" href=\"https:\/\/martaesmarats.com\/es\/llauna\" \/>\n<meta property=\"og:locale\" content=\"es_ES\" \/>\n<meta property=\"og:type\" content=\"article\" \/>\n<meta property=\"og:title\" content=\"Lla\u00fcna - Marta Esmarats - Actriz y locutora | locutores catalanes, locuci\u00f3n catal\u00e1n, locuci\u00f3n profesional, locuci\u00f3n profesional,locutor online, voz en off, voiceover, locutor freelance, recitar, recitador, actriz de voz, actriz de voz.\" \/>\n<meta property=\"og:description\" content=\"Actriz y locutora. M\u00e1s de veinte a\u00f1os trabajando con la voz. Con m\u00faltiples registros, con posibilidad de trabajar distintos textos. Narrativos, teatrales, radiof\u00f3nicos, voiceover, documentales.\" \/>\n<meta property=\"og:url\" content=\"https:\/\/martaesmarats.com\/es\/llauna\" \/>\n<meta property=\"og:site_name\" content=\"Marta Esmarats\" \/>\n<meta property=\"article:modified_time\" content=\"2023-06-21T09:06:39+00:00\" \/>\n<meta name=\"twitter:card\" content=\"summary_large_image\" \/>\n<meta name=\"twitter:label1\" content=\"Tiempo de lectura\" \/>\n\t<meta name=\"twitter:data1\" content=\"1 minuto\" \/>\n<script type=\"application\/ld+json\" class=\"yoast-schema-graph\">{\"@context\":\"https:\\\/\\\/schema.org\",\"@graph\":[{\"@type\":\"WebPage\",\"@id\":\"https:\\\/\\\/martaesmarats.com\\\/es\\\/llauna\",\"url\":\"https:\\\/\\\/martaesmarats.com\\\/es\\\/llauna\",\"name\":\"Lla\u00fcna - Marta Esmarats - Actriz y locutora | locutores catalanes, locuci\u00f3n catal\u00e1n, locuci\u00f3n profesional, locuci\u00f3n profesional,locutor online, voz en off, voiceover, locutor freelance, recitar, recitador, actriz de voz, actriz de voz.\",\"isPartOf\":{\"@id\":\"https:\\\/\\\/martaesmarats.com\\\/es#website\"},\"datePublished\":\"2023-04-14T10:29:05+00:00\",\"dateModified\":\"2023-06-21T09:06:39+00:00\",\"description\":\"Actriz y locutora. M\u00e1s de veinte a\u00f1os trabajando con la voz. Con m\u00faltiples registros, con posibilidad de trabajar distintos textos. Narrativos, teatrales, radiof\u00f3nicos, voiceover, documentales.\",\"breadcrumb\":{\"@id\":\"https:\\\/\\\/martaesmarats.com\\\/es\\\/llauna#breadcrumb\"},\"inLanguage\":\"es\",\"potentialAction\":[{\"@type\":\"ReadAction\",\"target\":[\"https:\\\/\\\/martaesmarats.com\\\/es\\\/llauna\"]}]},{\"@type\":\"BreadcrumbList\",\"@id\":\"https:\\\/\\\/martaesmarats.com\\\/es\\\/llauna#breadcrumb\",\"itemListElement\":[{\"@type\":\"ListItem\",\"position\":1,\"name\":\"Portada\",\"item\":\"https:\\\/\\\/martaesmarats.com\\\/es\"},{\"@type\":\"ListItem\",\"position\":2,\"name\":\"Lla\u00fcna\"}]},{\"@type\":\"WebSite\",\"@id\":\"https:\\\/\\\/martaesmarats.com\\\/es#website\",\"url\":\"https:\\\/\\\/martaesmarats.com\\\/es\",\"name\":\"Marta Esmarats\",\"description\":\"\",\"potentialAction\":[{\"@type\":\"SearchAction\",\"target\":{\"@type\":\"EntryPoint\",\"urlTemplate\":\"https:\\\/\\\/martaesmarats.com\\\/es?s={search_term_string}\"},\"query-input\":{\"@type\":\"PropertyValueSpecification\",\"valueRequired\":true,\"valueName\":\"search_term_string\"}}],\"inLanguage\":\"es\"}]}<\/script>\n<!-- \/ Yoast SEO plugin. -->","yoast_head_json":{"title":"Lla\u00fcna - Marta Esmarats - Actriz y locutora | locutores catalanes, locuci\u00f3n catal\u00e1n, locuci\u00f3n profesional, locuci\u00f3n profesional,locutor online, voz en off, voiceover, locutor freelance, recitar, recitador, actriz de voz, actriz de voz.","description":"Actriz y locutora. M\u00e1s de veinte a\u00f1os trabajando con la voz. Con m\u00faltiples registros, con posibilidad de trabajar distintos textos. Narrativos, teatrales, radiof\u00f3nicos, voiceover, documentales.","robots":{"index":"index","follow":"follow","max-snippet":"max-snippet:-1","max-image-preview":"max-image-preview:large","max-video-preview":"max-video-preview:-1"},"canonical":"https:\/\/martaesmarats.com\/es\/llauna","og_locale":"es_ES","og_type":"article","og_title":"Lla\u00fcna - Marta Esmarats - Actriz y locutora | locutores catalanes, locuci\u00f3n catal\u00e1n, locuci\u00f3n profesional, locuci\u00f3n profesional,locutor online, voz en off, voiceover, locutor freelance, recitar, recitador, actriz de voz, actriz de voz.","og_description":"Actriz y locutora. M\u00e1s de veinte a\u00f1os trabajando con la voz. Con m\u00faltiples registros, con posibilidad de trabajar distintos textos. Narrativos, teatrales, radiof\u00f3nicos, voiceover, documentales.","og_url":"https:\/\/martaesmarats.com\/es\/llauna","og_site_name":"Marta Esmarats","article_modified_time":"2023-06-21T09:06:39+00:00","twitter_card":"summary_large_image","twitter_misc":{"Tiempo de lectura":"1 minuto"},"schema":{"@context":"https:\/\/schema.org","@graph":[{"@type":"WebPage","@id":"https:\/\/martaesmarats.com\/es\/llauna","url":"https:\/\/martaesmarats.com\/es\/llauna","name":"Lla\u00fcna - Marta Esmarats - Actriz y locutora | locutores catalanes, locuci\u00f3n catal\u00e1n, locuci\u00f3n profesional, locuci\u00f3n profesional,locutor online, voz en off, voiceover, locutor freelance, recitar, recitador, actriz de voz, actriz de voz.","isPartOf":{"@id":"https:\/\/martaesmarats.com\/es#website"},"datePublished":"2023-04-14T10:29:05+00:00","dateModified":"2023-06-21T09:06:39+00:00","description":"Actriz y locutora. M\u00e1s de veinte a\u00f1os trabajando con la voz. Con m\u00faltiples registros, con posibilidad de trabajar distintos textos. Narrativos, teatrales, radiof\u00f3nicos, voiceover, documentales.","breadcrumb":{"@id":"https:\/\/martaesmarats.com\/es\/llauna#breadcrumb"},"inLanguage":"es","potentialAction":[{"@type":"ReadAction","target":["https:\/\/martaesmarats.com\/es\/llauna"]}]},{"@type":"BreadcrumbList","@id":"https:\/\/martaesmarats.com\/es\/llauna#breadcrumb","itemListElement":[{"@type":"ListItem","position":1,"name":"Portada","item":"https:\/\/martaesmarats.com\/es"},{"@type":"ListItem","position":2,"name":"Lla\u00fcna"}]},{"@type":"WebSite","@id":"https:\/\/martaesmarats.com\/es#website","url":"https:\/\/martaesmarats.com\/es","name":"Marta Esmarats","description":"","potentialAction":[{"@type":"SearchAction","target":{"@type":"EntryPoint","urlTemplate":"https:\/\/martaesmarats.com\/es?s={search_term_string}"},"query-input":{"@type":"PropertyValueSpecification","valueRequired":true,"valueName":"search_term_string"}}],"inLanguage":"es"}]}},"_links":{"self":[{"href":"https:\/\/martaesmarats.com\/es\/wp-json\/wp\/v2\/pages\/57909","targetHints":{"allow":["GET"]}}],"collection":[{"href":"https:\/\/martaesmarats.com\/es\/wp-json\/wp\/v2\/pages"}],"about":[{"href":"https:\/\/martaesmarats.com\/es\/wp-json\/wp\/v2\/types\/page"}],"author":[{"embeddable":true,"href":"https:\/\/martaesmarats.com\/es\/wp-json\/wp\/v2\/users\/1"}],"replies":[{"embeddable":true,"href":"https:\/\/martaesmarats.com\/es\/wp-json\/wp\/v2\/comments?post=57909"}],"version-history":[{"count":4,"href":"https:\/\/martaesmarats.com\/es\/wp-json\/wp\/v2\/pages\/57909\/revisions"}],"predecessor-version":[{"id":57938,"href":"https:\/\/martaesmarats.com\/es\/wp-json\/wp\/v2\/pages\/57909\/revisions\/57938"}],"wp:attachment":[{"href":"https:\/\/martaesmarats.com\/es\/wp-json\/wp\/v2\/media?parent=57909"}],"curies":[{"name":"wp","href":"https:\/\/api.w.org\/{rel}","templated":true}]}}