{"id":57907,"date":"2023-04-17T07:39:28","date_gmt":"2023-04-17T07:39:28","guid":{"rendered":"https:\/\/martaesmarats.com\/instal-lacio-la-por"},"modified":"2023-06-21T08:45:26","modified_gmt":"2023-06-21T08:45:26","slug":"instalacion-el-miedo","status":"publish","type":"page","link":"https:\/\/martaesmarats.com\/es\/instalacion-el-miedo","title":{"rendered":"Instalaci\u00f3n: El miedo"},"content":{"rendered":"<section class=\"wpb-content-wrapper\"><p>[vc_row el_class=\u00bbproject-text\u00bb][vc_column][vc_column_text el_id=\u00bbproject-desc\u00bb]<\/p>\n<h1>INSTALACI\u00d3N:<br \/>\nEL MIEDO<\/h1>\n<h2>INAUGURACI\u00d3N BIBLIOTECA PILAR\u00cdN BAY\u00c9S, VIC<\/h2>\n<p>Octubre 2022<br \/>\nAutor\u00eda. Marcel.l\u00ed Guti\u00e9rrez y Marta Esmarats[\/vc_column_text][vc_empty_space height=\u00bb50px\u00bb][\/vc_column][\/vc_row][vc_row][vc_column][vc_single_image image=\u00bb57673&#8243; img_size=\u00bbfull\u00bb][\/vc_column][\/vc_row][vc_row el_class=\u00bbproject-text\u00bb][vc_column][vc_column_text]<\/p>\n<h1>El muro de los miedos<\/h1>\n<h3>Instalaci\u00f3n participativa<\/h3>\n<p>Los miedos simbolizados en un muro de capas, un muro como met\u00e1fora, un impedimento para el fluir de la vida, una pared que no nos deja ver lo que hay m\u00e1s all\u00e1.<\/p>\n<p>\u00bfQu\u00e9 miedos cargamos en los hombros? \u00bfSon compartidos? \u00bfQu\u00e9 miedos nos impiden vivir mejor, relacionarnos, aprender?[\/vc_column_text][vc_empty_space height=\u00bb100px\u00bb][\/vc_column][\/vc_row][vc_row][vc_column]<style type=\"text\/css\" data-type=\"the7_shortcodes-inline-css\">.carousel-shortcode.carousel-shortcode-id-6531c74ba17f322f250dc071118f1a38.owl-carousel .owl-nav div {\n  width: 0px;\n  height: 0px;\n  border-radius: 500px;\n}\n.dt-arrow-border-on.carousel-shortcode.carousel-shortcode-id-6531c74ba17f322f250dc071118f1a38.owl-carousel .owl-nav div:not(:hover):before {\n  border-width: 0px;\n}\n.dt-arrow-hover-border-on.carousel-shortcode.carousel-shortcode-id-6531c74ba17f322f250dc071118f1a38.owl-carousel .owl-nav div:hover:after {\n  border-width: 0px;\n}\n.carousel-shortcode.carousel-shortcode-id-6531c74ba17f322f250dc071118f1a38.owl-carousel .owl-nav div.owl-prev {\n  top: 50%;\n  transform: translateY(calc(-50% + 0px));\n  left: 50px;\n}\n@media all and (-ms-high-contrast: none) {\n  .carousel-shortcode.carousel-shortcode-id-6531c74ba17f322f250dc071118f1a38.owl-carousel .owl-nav div.owl-prev {\n    transform: translateY(-50%);\n    margin-top: 0px;\n  }\n}\n.carousel-shortcode.carousel-shortcode-id-6531c74ba17f322f250dc071118f1a38.owl-carousel .owl-nav div.owl-prev i {\n  padding: 0px 0px 0px 0px;\n}\n.carousel-shortcode.carousel-shortcode-id-6531c74ba17f322f250dc071118f1a38.owl-carousel .owl-nav div.owl-next {\n  top: 50%;\n  transform: translateY(calc(-50% + 0px));\n  right: 50px;\n}\n@media all and (-ms-high-contrast: none) {\n  .carousel-shortcode.carousel-shortcode-id-6531c74ba17f322f250dc071118f1a38.owl-carousel .owl-nav div.owl-next {\n    transform: translateY(-50%);\n    margin-top: 0px;\n  }\n}\n.carousel-shortcode.carousel-shortcode-id-6531c74ba17f322f250dc071118f1a38.owl-carousel .owl-nav div.owl-next i {\n  padding: 0px 0px 0px 0px;\n}\n.carousel-shortcode.carousel-shortcode-id-6531c74ba17f322f250dc071118f1a38.owl-carousel .owl-nav i {\n  font-size: 80px;\n}\n.carousel-shortcode.carousel-shortcode-id-6531c74ba17f322f250dc071118f1a38.owl-carousel .owl-nav div:not(:hover) i,\n.carousel-shortcode.carousel-shortcode-id-6531c74ba17f322f250dc071118f1a38.owl-carousel .owl-nav div:not(:hover) i:before {\n  color: #ffffff;\n  background: none;\n}\n.carousel-shortcode.carousel-shortcode-id-6531c74ba17f322f250dc071118f1a38.owl-carousel .owl-nav div:hover i,\n.carousel-shortcode.carousel-shortcode-id-6531c74ba17f322f250dc071118f1a38.owl-carousel .owl-nav div:hover i:before {\n  color: rgba(255,255,255,0.75);\n  background: none;\n}\n.carousel-shortcode.carousel-shortcode-id-6531c74ba17f322f250dc071118f1a38 .owl-dots {\n  top: calc(100% + 20px);\n  left: 50%;\n  transform: translateX(calc(-50% + 0px));\n}\n@media all and (-ms-high-contrast: none) {\n  .carousel-shortcode.carousel-shortcode-id-6531c74ba17f322f250dc071118f1a38 .owl-dots {\n    transform: translateX(-50%);\n    margin-left: 0px;\n  }\n}\n.carousel-shortcode.carousel-shortcode-id-6531c74ba17f322f250dc071118f1a38 .owl-dot {\n  width: 10px;\n  height: 10px;\n  margin: 0 8px;\n}\n@media screen and (max-width: 778px) {\n  .carousel-shortcode.carousel-shortcode-id-6531c74ba17f322f250dc071118f1a38.hide-arrows .owl-nav a {\n    display: none;\n  }\n}\n@media screen and (max-width: 778px) {\n  .carousel-shortcode.carousel-shortcode-id-6531c74ba17f322f250dc071118f1a38.reposition-arrows .owl-nav .owl-prev {\n    top: 50%;\n    transform: translateY(calc(-50% + 0px));\n    left: 10px;\n  }\n  .carousel-shortcode.carousel-shortcode-id-6531c74ba17f322f250dc071118f1a38.reposition-arrows .owl-nav .owl-next {\n    top: 50%;\n    transform: translateY(calc(-50% + 0px));\n    right: 10px;\n  }\n}\n@media screen and (max-width: 778px) and all and (-ms-high-contrast: none) {\n  .carousel-shortcode.carousel-shortcode-id-6531c74ba17f322f250dc071118f1a38.reposition-arrows .owl-nav .owl-prev {\n    transform: translateY(-50%);\n    margin-top: 0px;\n  }\n}\n@media screen and (max-width: 778px) and all and (-ms-high-contrast: none) {\n  .carousel-shortcode.carousel-shortcode-id-6531c74ba17f322f250dc071118f1a38.reposition-arrows .owl-nav .owl-next {\n    transform: translateY(-50%);\n    margin-top: 0px;\n  }\n}<\/style><div class=\"owl-carousel carousel-shortcode dt-owl-carousel-call carousel-shortcode-id-6531c74ba17f322f250dc071118f1a38 bullets-small-dot-stroke reposition-arrows arrows-bg-off dt-arrow-hover-border-on disable-arrows-hover-bg arrows-hover-bg-on  \" data-scroll-mode=\"1\" data-col-num=\"1\" data-wide-col-num=\"1\" data-laptop-col=\"1\" data-h-tablet-columns-num=\"1\" data-v-tablet-columns-num=\"1\" data-phone-columns-num=\"1\" data-auto-height=\"true\" data-col-gap=\"0\" data-stage-padding=\"0\" data-speed=\"600\" data-autoplay=\"false\" data-autoplay_speed=\"6000\" data-arrows=\"true\" data-bullet=\"false\" data-next-icon=\"icon-ar-023-r\" data-prev-icon=\"icon-ar-023-l\">[vc_single_image image=\u00bb57672&#8243; img_size=\u00bbfull\u00bb][vc_single_image image=\u00bb57671&#8243; img_size=\u00bbfull\u00bb][vc_single_image image=\u00bb57670&#8243; img_size=\u00bbfull\u00bb][vc_single_image image=\u00bb57669&#8243; img_size=\u00bbfull\u00bb]<\/div>[\/vc_column][\/vc_row][vc_row el_class=\u00bbproject-text\u00bb][vc_column][vc_column_text]<\/p>\n<h1>La m\u00e1scara<\/h1>\n<h3>Instalaci\u00f3n participativa<\/h3>\n<p><em><strong>\u201cAll the world is a stage\u201d<\/strong><\/em> William Shakespeare.<\/p>\n<p>Todos actuamos. Interactuamos de formas diversas dependiendo del lugar y de las personas con las que nos relacionamos. Adoptamos unos roles u otros, unos personajes.<\/p>\n<p>Nos hemos inspirado en el trabajo del ilustrador, o el escritor que dibujaba, Saul Steinberg, y su trabajo titulado: <em><strong>\u201cPaper-bag Masks\u201d<\/strong><\/em>.<\/p>\n<p>Las m\u00e1scaras como las fachadas que se convierten en quienes somos.[\/vc_column_text][vc_empty_space height=\u00bb100px\u00bb][\/vc_column][\/vc_row][vc_row][vc_column]<style type=\"text\/css\" data-type=\"the7_shortcodes-inline-css\">.carousel-shortcode.carousel-shortcode-id-6531c74ba17f322f250dc071118f1a38.owl-carousel .owl-nav div {\n  width: 0px;\n  height: 0px;\n  border-radius: 500px;\n}\n.dt-arrow-border-on.carousel-shortcode.carousel-shortcode-id-6531c74ba17f322f250dc071118f1a38.owl-carousel .owl-nav div:not(:hover):before {\n  border-width: 0px;\n}\n.dt-arrow-hover-border-on.carousel-shortcode.carousel-shortcode-id-6531c74ba17f322f250dc071118f1a38.owl-carousel .owl-nav div:hover:after {\n  border-width: 0px;\n}\n.carousel-shortcode.carousel-shortcode-id-6531c74ba17f322f250dc071118f1a38.owl-carousel .owl-nav div.owl-prev {\n  top: 50%;\n  transform: translateY(calc(-50% + 0px));\n  left: 50px;\n}\n@media all and (-ms-high-contrast: none) {\n  .carousel-shortcode.carousel-shortcode-id-6531c74ba17f322f250dc071118f1a38.owl-carousel .owl-nav div.owl-prev {\n    transform: translateY(-50%);\n    margin-top: 0px;\n  }\n}\n.carousel-shortcode.carousel-shortcode-id-6531c74ba17f322f250dc071118f1a38.owl-carousel .owl-nav div.owl-prev i {\n  padding: 0px 0px 0px 0px;\n}\n.carousel-shortcode.carousel-shortcode-id-6531c74ba17f322f250dc071118f1a38.owl-carousel .owl-nav div.owl-next {\n  top: 50%;\n  transform: translateY(calc(-50% + 0px));\n  right: 50px;\n}\n@media all and (-ms-high-contrast: none) {\n  .carousel-shortcode.carousel-shortcode-id-6531c74ba17f322f250dc071118f1a38.owl-carousel .owl-nav div.owl-next {\n    transform: translateY(-50%);\n    margin-top: 0px;\n  }\n}\n.carousel-shortcode.carousel-shortcode-id-6531c74ba17f322f250dc071118f1a38.owl-carousel .owl-nav div.owl-next i {\n  padding: 0px 0px 0px 0px;\n}\n.carousel-shortcode.carousel-shortcode-id-6531c74ba17f322f250dc071118f1a38.owl-carousel .owl-nav i {\n  font-size: 80px;\n}\n.carousel-shortcode.carousel-shortcode-id-6531c74ba17f322f250dc071118f1a38.owl-carousel .owl-nav div:not(:hover) i,\n.carousel-shortcode.carousel-shortcode-id-6531c74ba17f322f250dc071118f1a38.owl-carousel .owl-nav div:not(:hover) i:before {\n  color: #ffffff;\n  background: none;\n}\n.carousel-shortcode.carousel-shortcode-id-6531c74ba17f322f250dc071118f1a38.owl-carousel .owl-nav div:hover i,\n.carousel-shortcode.carousel-shortcode-id-6531c74ba17f322f250dc071118f1a38.owl-carousel .owl-nav div:hover i:before {\n  color: rgba(255,255,255,0.75);\n  background: none;\n}\n.carousel-shortcode.carousel-shortcode-id-6531c74ba17f322f250dc071118f1a38 .owl-dots {\n  top: calc(100% + 20px);\n  left: 50%;\n  transform: translateX(calc(-50% + 0px));\n}\n@media all and (-ms-high-contrast: none) {\n  .carousel-shortcode.carousel-shortcode-id-6531c74ba17f322f250dc071118f1a38 .owl-dots {\n    transform: translateX(-50%);\n    margin-left: 0px;\n  }\n}\n.carousel-shortcode.carousel-shortcode-id-6531c74ba17f322f250dc071118f1a38 .owl-dot {\n  width: 10px;\n  height: 10px;\n  margin: 0 8px;\n}\n@media screen and (max-width: 778px) {\n  .carousel-shortcode.carousel-shortcode-id-6531c74ba17f322f250dc071118f1a38.hide-arrows .owl-nav a {\n    display: none;\n  }\n}\n@media screen and (max-width: 778px) {\n  .carousel-shortcode.carousel-shortcode-id-6531c74ba17f322f250dc071118f1a38.reposition-arrows .owl-nav .owl-prev {\n    top: 50%;\n    transform: translateY(calc(-50% + 0px));\n    left: 10px;\n  }\n  .carousel-shortcode.carousel-shortcode-id-6531c74ba17f322f250dc071118f1a38.reposition-arrows .owl-nav .owl-next {\n    top: 50%;\n    transform: translateY(calc(-50% + 0px));\n    right: 10px;\n  }\n}\n@media screen and (max-width: 778px) and all and (-ms-high-contrast: none) {\n  .carousel-shortcode.carousel-shortcode-id-6531c74ba17f322f250dc071118f1a38.reposition-arrows .owl-nav .owl-prev {\n    transform: translateY(-50%);\n    margin-top: 0px;\n  }\n}\n@media screen and (max-width: 778px) and all and (-ms-high-contrast: none) {\n  .carousel-shortcode.carousel-shortcode-id-6531c74ba17f322f250dc071118f1a38.reposition-arrows .owl-nav .owl-next {\n    transform: translateY(-50%);\n    margin-top: 0px;\n  }\n}<\/style><div class=\"owl-carousel carousel-shortcode dt-owl-carousel-call carousel-shortcode-id-6531c74ba17f322f250dc071118f1a38 bullets-small-dot-stroke reposition-arrows arrows-bg-off dt-arrow-hover-border-on disable-arrows-hover-bg arrows-hover-bg-on  \" data-scroll-mode=\"1\" data-col-num=\"1\" data-wide-col-num=\"1\" data-laptop-col=\"1\" data-h-tablet-columns-num=\"1\" data-v-tablet-columns-num=\"1\" data-phone-columns-num=\"1\" data-auto-height=\"true\" data-col-gap=\"0\" data-stage-padding=\"0\" data-speed=\"600\" data-autoplay=\"false\" data-autoplay_speed=\"6000\" data-arrows=\"true\" data-bullet=\"false\" data-next-icon=\"icon-ar-023-r\" data-prev-icon=\"icon-ar-023-l\">[vc_single_image image=\u00bb57668&#8243; img_size=\u00bbfull\u00bb][vc_single_image image=\u00bb57667&#8243; img_size=\u00bbfull\u00bb]<\/div>[\/vc_column][\/vc_row][vc_row el_class=\u00bbproject-text\u00bb][vc_column][vc_column_text]<\/p>\n<h1>Maya Angelou<\/h1>\n<h3>Instalaci\u00f3n<\/h3>\n<p>Instalaci\u00f3n dedicada a la autora Maya Angelou. Cantante, bailarina, actriz, directora de revistas, activista para los derechos civiles, poeta y novelista.<\/p>\n<p>Su recorrido vital es un ejemplo de superaci\u00f3n. Hemos escogido su poema:<br \/>\n<strong><em>Life doesn\u2019t frigthen me<\/em><\/strong>.<\/p>\n<p>Es un texto que transmite confianza en uno mismo, invita a encarar las situaciones dif\u00edciles, los miedos y a persistir para superarlos.<\/p>\n<p><span style=\"color: #058eda;\">Poema : <strong><em>La vida no me da ning\u00fan miedo<\/em><\/strong> de Maya Angelou para la instalaci\u00f3n El Miedo en la inauguraci\u00f3n de la biblioteca Pilar\u00edn Bay\u00e9s de Vic.<\/span><\/p>\n<p><iframe loading=\"lazy\" src=\"https:\/\/w.soundcloud.com\/player\/?url=https%3A\/\/api.soundcloud.com\/tracks\/1476046231&amp;color=%23058ed9&amp;auto_play=false&amp;hide_related=false&amp;show_comments=true&amp;show_user=true&amp;show_reposts=false&amp;show_teaser=true\" width=\"100%\" height=\"166\" frameborder=\"no\" scrolling=\"no\"><\/iframe>[\/vc_column_text][vc_empty_space height=\u00bb100px\u00bb][\/vc_column][\/vc_row][vc_row][vc_column][vc_single_image image=\u00bb57572&#8243; img_size=\u00bbfull\u00bb][\/vc_column][\/vc_row][vc_row el_class=\u00bbproject-text\u00bb][vc_column][vc_column_text]<\/p>\n<h1>La traves\u00eda<\/h1>\n<h3>Instalaci\u00f3n participativa<\/h3>\n<p>Escuchando el audio del cuento Donde viven los monstruos de Maurice Sendak, las personas se sientan en un trono y llevan una corona como el protagonista del relato.<\/p>\n<p>La traves\u00eda es dolorosa, alocada, tr\u00e1gica y, al final, tambi\u00e9n es positiva. Max viaja hacia una isla donde encuentra unos monstruos que representan sus miedos, sus deseos, sus sue\u00f1os.<\/p>\n<p>\u201cThere&#8217;s one in all of us\u201d (Hay un ni\u00f1o que tiene miedo, grita, llora, sue\u00f1a, se siente solo, juega, busca\u2026 dentro de cada uno de nosotros).<\/p>\n<p>-\u00bfTe quedas en la isla?[\/vc_column_text][vc_empty_space height=\u00bb50px\u00bb][\/vc_column][\/vc_row]<\/p>\n<\/section>","protected":false},"excerpt":{"rendered":"<p>[vc_row el_class=\u00bbproject-text\u00bb][vc_column][vc_column_text el_id=\u00bbproject-desc\u00bb] INSTALACI\u00d3N: EL MIEDO INAUGURACI\u00d3N BIBLIOTECA PILAR\u00cdN BAY\u00c9S, VIC Octubre 2022 Autor\u00eda. Marcel.l\u00ed Guti\u00e9rrez y Marta Esmarats[\/vc_column_text][vc_empty_space height=\u00bb50px\u00bb][\/vc_column][\/vc_row][vc_row][vc_column][vc_single_image image=\u00bb57673&#8243; img_size=\u00bbfull\u00bb][\/vc_column][\/vc_row][vc_row el_class=\u00bbproject-text\u00bb][vc_column][vc_column_text] El muro de los miedos Instalaci\u00f3n participativa Los miedos simbolizados en un muro de capas, un muro como met\u00e1fora, un impedimento para el fluir de la vida, una pared que no nos&hellip;<\/p>\n","protected":false},"author":1,"featured_media":0,"parent":0,"menu_order":0,"comment_status":"closed","ping_status":"closed","template":"","meta":{"footnotes":""},"class_list":["post-57907","page","type-page","status-publish","hentry","description-off"],"yoast_head":"<!-- This site is optimized with the Yoast SEO plugin v27.4 - https:\/\/yoast.com\/product\/yoast-seo-wordpress\/ -->\n<title>Instalaci\u00f3n: El miedo - Marta Esmarats<\/title>\n<meta name=\"robots\" content=\"index, follow, max-snippet:-1, max-image-preview:large, max-video-preview:-1\" \/>\n<link rel=\"canonical\" href=\"https:\/\/martaesmarats.com\/es\/instalacion-el-miedo\" \/>\n<meta property=\"og:locale\" content=\"es_ES\" \/>\n<meta property=\"og:type\" content=\"article\" \/>\n<meta property=\"og:title\" content=\"Instalaci\u00f3n: El miedo - Marta Esmarats\" \/>\n<meta property=\"og:description\" content=\"[vc_row el_class=\u00bbproject-text\u00bb][vc_column][vc_column_text el_id=\u00bbproject-desc\u00bb] INSTALACI\u00d3N: EL MIEDO INAUGURACI\u00d3N BIBLIOTECA PILAR\u00cdN BAY\u00c9S, VIC Octubre 2022 Autor\u00eda. Marcel.l\u00ed Guti\u00e9rrez y Marta Esmarats[\/vc_column_text][vc_empty_space height=\u00bb50px\u00bb][\/vc_column][\/vc_row][vc_row][vc_column][vc_single_image image=\u00bb57673&#8243; img_size=\u00bbfull\u00bb][\/vc_column][\/vc_row][vc_row el_class=\u00bbproject-text\u00bb][vc_column][vc_column_text] El muro de los miedos Instalaci\u00f3n participativa Los miedos simbolizados en un muro de capas, un muro como met\u00e1fora, un impedimento para el fluir de la vida, una pared que no nos&hellip;\" \/>\n<meta property=\"og:url\" content=\"https:\/\/martaesmarats.com\/es\/instalacion-el-miedo\" \/>\n<meta property=\"og:site_name\" content=\"Marta Esmarats\" \/>\n<meta property=\"article:modified_time\" content=\"2023-06-21T08:45:26+00:00\" \/>\n<meta name=\"twitter:card\" content=\"summary_large_image\" \/>\n<meta name=\"twitter:label1\" content=\"Tiempo de lectura\" \/>\n\t<meta name=\"twitter:data1\" content=\"3 minutos\" \/>\n<script type=\"application\/ld+json\" class=\"yoast-schema-graph\">{\"@context\":\"https:\\\/\\\/schema.org\",\"@graph\":[{\"@type\":\"WebPage\",\"@id\":\"https:\\\/\\\/martaesmarats.com\\\/es\\\/instalacion-el-miedo\",\"url\":\"https:\\\/\\\/martaesmarats.com\\\/es\\\/instalacion-el-miedo\",\"name\":\"Instalaci\u00f3n: El miedo - Marta Esmarats\",\"isPartOf\":{\"@id\":\"https:\\\/\\\/martaesmarats.com\\\/es#website\"},\"datePublished\":\"2023-04-17T07:39:28+00:00\",\"dateModified\":\"2023-06-21T08:45:26+00:00\",\"breadcrumb\":{\"@id\":\"https:\\\/\\\/martaesmarats.com\\\/es\\\/instalacion-el-miedo#breadcrumb\"},\"inLanguage\":\"es\",\"potentialAction\":[{\"@type\":\"ReadAction\",\"target\":[\"https:\\\/\\\/martaesmarats.com\\\/es\\\/instalacion-el-miedo\"]}]},{\"@type\":\"BreadcrumbList\",\"@id\":\"https:\\\/\\\/martaesmarats.com\\\/es\\\/instalacion-el-miedo#breadcrumb\",\"itemListElement\":[{\"@type\":\"ListItem\",\"position\":1,\"name\":\"Portada\",\"item\":\"https:\\\/\\\/martaesmarats.com\\\/es\"},{\"@type\":\"ListItem\",\"position\":2,\"name\":\"Instalaci\u00f3n: El miedo\"}]},{\"@type\":\"WebSite\",\"@id\":\"https:\\\/\\\/martaesmarats.com\\\/es#website\",\"url\":\"https:\\\/\\\/martaesmarats.com\\\/es\",\"name\":\"Marta Esmarats\",\"description\":\"\",\"potentialAction\":[{\"@type\":\"SearchAction\",\"target\":{\"@type\":\"EntryPoint\",\"urlTemplate\":\"https:\\\/\\\/martaesmarats.com\\\/es?s={search_term_string}\"},\"query-input\":{\"@type\":\"PropertyValueSpecification\",\"valueRequired\":true,\"valueName\":\"search_term_string\"}}],\"inLanguage\":\"es\"}]}<\/script>\n<!-- \/ Yoast SEO plugin. -->","yoast_head_json":{"title":"Instalaci\u00f3n: El miedo - Marta Esmarats","robots":{"index":"index","follow":"follow","max-snippet":"max-snippet:-1","max-image-preview":"max-image-preview:large","max-video-preview":"max-video-preview:-1"},"canonical":"https:\/\/martaesmarats.com\/es\/instalacion-el-miedo","og_locale":"es_ES","og_type":"article","og_title":"Instalaci\u00f3n: El miedo - Marta Esmarats","og_description":"[vc_row el_class=\u00bbproject-text\u00bb][vc_column][vc_column_text el_id=\u00bbproject-desc\u00bb] INSTALACI\u00d3N: EL MIEDO INAUGURACI\u00d3N BIBLIOTECA PILAR\u00cdN BAY\u00c9S, VIC Octubre 2022 Autor\u00eda. Marcel.l\u00ed Guti\u00e9rrez y Marta Esmarats[\/vc_column_text][vc_empty_space height=\u00bb50px\u00bb][\/vc_column][\/vc_row][vc_row][vc_column][vc_single_image image=\u00bb57673&#8243; img_size=\u00bbfull\u00bb][\/vc_column][\/vc_row][vc_row el_class=\u00bbproject-text\u00bb][vc_column][vc_column_text] El muro de los miedos Instalaci\u00f3n participativa Los miedos simbolizados en un muro de capas, un muro como met\u00e1fora, un impedimento para el fluir de la vida, una pared que no nos&hellip;","og_url":"https:\/\/martaesmarats.com\/es\/instalacion-el-miedo","og_site_name":"Marta Esmarats","article_modified_time":"2023-06-21T08:45:26+00:00","twitter_card":"summary_large_image","twitter_misc":{"Tiempo de lectura":"3 minutos"},"schema":{"@context":"https:\/\/schema.org","@graph":[{"@type":"WebPage","@id":"https:\/\/martaesmarats.com\/es\/instalacion-el-miedo","url":"https:\/\/martaesmarats.com\/es\/instalacion-el-miedo","name":"Instalaci\u00f3n: El miedo - Marta Esmarats","isPartOf":{"@id":"https:\/\/martaesmarats.com\/es#website"},"datePublished":"2023-04-17T07:39:28+00:00","dateModified":"2023-06-21T08:45:26+00:00","breadcrumb":{"@id":"https:\/\/martaesmarats.com\/es\/instalacion-el-miedo#breadcrumb"},"inLanguage":"es","potentialAction":[{"@type":"ReadAction","target":["https:\/\/martaesmarats.com\/es\/instalacion-el-miedo"]}]},{"@type":"BreadcrumbList","@id":"https:\/\/martaesmarats.com\/es\/instalacion-el-miedo#breadcrumb","itemListElement":[{"@type":"ListItem","position":1,"name":"Portada","item":"https:\/\/martaesmarats.com\/es"},{"@type":"ListItem","position":2,"name":"Instalaci\u00f3n: El miedo"}]},{"@type":"WebSite","@id":"https:\/\/martaesmarats.com\/es#website","url":"https:\/\/martaesmarats.com\/es","name":"Marta Esmarats","description":"","potentialAction":[{"@type":"SearchAction","target":{"@type":"EntryPoint","urlTemplate":"https:\/\/martaesmarats.com\/es?s={search_term_string}"},"query-input":{"@type":"PropertyValueSpecification","valueRequired":true,"valueName":"search_term_string"}}],"inLanguage":"es"}]}},"_links":{"self":[{"href":"https:\/\/martaesmarats.com\/es\/wp-json\/wp\/v2\/pages\/57907","targetHints":{"allow":["GET"]}}],"collection":[{"href":"https:\/\/martaesmarats.com\/es\/wp-json\/wp\/v2\/pages"}],"about":[{"href":"https:\/\/martaesmarats.com\/es\/wp-json\/wp\/v2\/types\/page"}],"author":[{"embeddable":true,"href":"https:\/\/martaesmarats.com\/es\/wp-json\/wp\/v2\/users\/1"}],"replies":[{"embeddable":true,"href":"https:\/\/martaesmarats.com\/es\/wp-json\/wp\/v2\/comments?post=57907"}],"version-history":[{"count":2,"href":"https:\/\/martaesmarats.com\/es\/wp-json\/wp\/v2\/pages\/57907\/revisions"}],"predecessor-version":[{"id":57927,"href":"https:\/\/martaesmarats.com\/es\/wp-json\/wp\/v2\/pages\/57907\/revisions\/57927"}],"wp:attachment":[{"href":"https:\/\/martaesmarats.com\/es\/wp-json\/wp\/v2\/media?parent=57907"}],"curies":[{"name":"wp","href":"https:\/\/api.w.org\/{rel}","templated":true}]}}