{"id":57900,"date":"2023-04-14T09:44:04","date_gmt":"2023-04-14T09:44:04","guid":{"rendered":"https:\/\/martaesmarats.com\/biografia"},"modified":"2023-06-21T08:51:05","modified_gmt":"2023-06-21T08:51:05","slug":"biografia","status":"publish","type":"page","link":"https:\/\/martaesmarats.com\/es\/biografia","title":{"rendered":"Biograf\u00eda"},"content":{"rendered":"<section class=\"wpb-content-wrapper\"><p>[vc_row][vc_column width=\u00bb1\/2&#8243;][vc_single_image image=\u00bb57718&#8243; img_size=\u00bbfull\u00bb][\/vc_column][vc_column width=\u00bb1\/2&#8243;][vc_column_text]<\/p>\n<h1>Marta<br \/>\nEsmarats<br \/>\nBigas<\/h1>\n<p>[\/vc_column_text][vc_column_text]<\/p>\n<h2>Actriz.<br \/>\nCreadora.<\/h2>\n<p>[\/vc_column_text][vc_column_text]Licenciada en Arte Dram\u00e1tico por el Institut del Teatre (ESAD 1999-2002).<\/p>\n<p>Gana las becas de la Prima del teatro, San Miniato en Italia y una beca en el Theatre National de Strasbourg, Francia.<\/p>\n<p>Actriz y fundadora de la compa\u00f1\u00eda teatral Cacauet Teatre, creando desde hace 20 a\u00f1os, especializada en teatro con t\u00edteres y objetos, teatro de luz y sombras, con m\u00fasica en directo.<\/p>\n<p>Narradora oral desde el a\u00f1o 2002 hasta la actualidad.<\/p>\n<p>Locutora con gran diversidad de registros y textos por documentales, dramatizado, poes\u00eda, audio cuentos y otros.<\/p>\n<p>Creadora de instalaciones art\u00edsticas con distintos materiales y locuci\u00f3n asociada.<\/p>\n<p>Profesora de las asignaturas de Juego dram\u00e1tico y Expresi\u00f3n corporal en la Universidad de Vic (20014-2023). Diplomada en educaci\u00f3n en la UVic y formada en Yoga integral con Sadhana. Estudios de Humanidades por la UOC.<\/p>\n<p>Autora de los textos de los montajes con Cacauet teatre y otros.<\/p>\n<p>Cocreadora del dise\u00f1o de las escenograf\u00edas y los t\u00edteres conjuntamente con Cacauet teatre.<\/p>\n<p>Creadora, con el dise\u00f1ador Marcel.l\u00ed Guti\u00e9rrez, del proyecto LLA\u00dcNA, donde imaginamos y llevamos a la pr\u00e1ctica instalaciones art\u00edsticas, material creativo y otras aventuras a trav\u00e9s de las artes, visuales, esc\u00e9nicas y sonores[\/vc_column_text][\/vc_column][\/vc_row]<\/p>\n<\/section>","protected":false},"excerpt":{"rendered":"<p>[vc_row][vc_column width=\u00bb1\/2&#8243;][vc_single_image image=\u00bb57718&#8243; img_size=\u00bbfull\u00bb][\/vc_column][vc_column width=\u00bb1\/2&#8243;][vc_column_text] Marta Esmarats Bigas [\/vc_column_text][vc_column_text] Actriz. Creadora. [\/vc_column_text][vc_column_text]Licenciada en Arte Dram\u00e1tico por el Institut del Teatre (ESAD 1999-2002). Gana las becas de la Prima del teatro, San Miniato en Italia y una beca en el Theatre National de Strasbourg, Francia. Actriz y fundadora de la compa\u00f1\u00eda teatral Cacauet Teatre, creando desde&hellip;<\/p>\n","protected":false},"author":1,"featured_media":0,"parent":0,"menu_order":0,"comment_status":"closed","ping_status":"closed","template":"","meta":{"footnotes":""},"class_list":["post-57900","page","type-page","status-publish","hentry","description-off"],"yoast_head":"<!-- This site is optimized with the Yoast SEO plugin v27.4 - https:\/\/yoast.com\/product\/yoast-seo-wordpress\/ -->\n<title>Biograf\u00eda - Marta Esmarats - Actriz y locutora | locutores catalanes, locuci\u00f3n catal\u00e1n, locuci\u00f3n profesional, locuci\u00f3n profesional,locutor online, voz en off, voiceover, locutor freelance, recitar, recitador, actriz de voz, actriz de voz.<\/title>\n<meta name=\"description\" content=\"Actriz y locutora. M\u00e1s de veinte a\u00f1os trabajando con la voz. Con m\u00faltiples registros, con posibilidad de trabajar distintos textos. Narrativos, teatrales, radiof\u00f3nicos, voiceover, documentales.\" \/>\n<meta name=\"robots\" content=\"index, follow, max-snippet:-1, max-image-preview:large, max-video-preview:-1\" \/>\n<link rel=\"canonical\" href=\"https:\/\/martaesmarats.com\/es\/biografia\" \/>\n<meta property=\"og:locale\" content=\"es_ES\" \/>\n<meta property=\"og:type\" content=\"article\" \/>\n<meta property=\"og:title\" content=\"Biograf\u00eda - Marta Esmarats - Actriz y locutora | locutores catalanes, locuci\u00f3n catal\u00e1n, locuci\u00f3n profesional, locuci\u00f3n profesional,locutor online, voz en off, voiceover, locutor freelance, recitar, recitador, actriz de voz, actriz de voz.\" \/>\n<meta property=\"og:description\" content=\"Actriz y locutora. M\u00e1s de veinte a\u00f1os trabajando con la voz. Con m\u00faltiples registros, con posibilidad de trabajar distintos textos. Narrativos, teatrales, radiof\u00f3nicos, voiceover, documentales.\" \/>\n<meta property=\"og:url\" content=\"https:\/\/martaesmarats.com\/es\/biografia\" \/>\n<meta property=\"og:site_name\" content=\"Marta Esmarats\" \/>\n<meta property=\"article:modified_time\" content=\"2023-06-21T08:51:05+00:00\" \/>\n<meta name=\"twitter:card\" content=\"summary_large_image\" \/>\n<meta name=\"twitter:label1\" content=\"Tiempo de lectura\" \/>\n\t<meta name=\"twitter:data1\" content=\"2 minutos\" \/>\n<script type=\"application\/ld+json\" class=\"yoast-schema-graph\">{\"@context\":\"https:\\\/\\\/schema.org\",\"@graph\":[{\"@type\":\"WebPage\",\"@id\":\"https:\\\/\\\/martaesmarats.com\\\/es\\\/biografia\",\"url\":\"https:\\\/\\\/martaesmarats.com\\\/es\\\/biografia\",\"name\":\"Biograf\u00eda - Marta Esmarats - Actriz y locutora | locutores catalanes, locuci\u00f3n catal\u00e1n, locuci\u00f3n profesional, locuci\u00f3n profesional,locutor online, voz en off, voiceover, locutor freelance, recitar, recitador, actriz de voz, actriz de voz.\",\"isPartOf\":{\"@id\":\"https:\\\/\\\/martaesmarats.com\\\/es#website\"},\"datePublished\":\"2023-04-14T09:44:04+00:00\",\"dateModified\":\"2023-06-21T08:51:05+00:00\",\"description\":\"Actriz y locutora. M\u00e1s de veinte a\u00f1os trabajando con la voz. Con m\u00faltiples registros, con posibilidad de trabajar distintos textos. Narrativos, teatrales, radiof\u00f3nicos, voiceover, documentales.\",\"breadcrumb\":{\"@id\":\"https:\\\/\\\/martaesmarats.com\\\/es\\\/biografia#breadcrumb\"},\"inLanguage\":\"es\",\"potentialAction\":[{\"@type\":\"ReadAction\",\"target\":[\"https:\\\/\\\/martaesmarats.com\\\/es\\\/biografia\"]}]},{\"@type\":\"BreadcrumbList\",\"@id\":\"https:\\\/\\\/martaesmarats.com\\\/es\\\/biografia#breadcrumb\",\"itemListElement\":[{\"@type\":\"ListItem\",\"position\":1,\"name\":\"Portada\",\"item\":\"https:\\\/\\\/martaesmarats.com\\\/es\"},{\"@type\":\"ListItem\",\"position\":2,\"name\":\"Biograf\u00eda\"}]},{\"@type\":\"WebSite\",\"@id\":\"https:\\\/\\\/martaesmarats.com\\\/es#website\",\"url\":\"https:\\\/\\\/martaesmarats.com\\\/es\",\"name\":\"Marta Esmarats\",\"description\":\"\",\"potentialAction\":[{\"@type\":\"SearchAction\",\"target\":{\"@type\":\"EntryPoint\",\"urlTemplate\":\"https:\\\/\\\/martaesmarats.com\\\/es?s={search_term_string}\"},\"query-input\":{\"@type\":\"PropertyValueSpecification\",\"valueRequired\":true,\"valueName\":\"search_term_string\"}}],\"inLanguage\":\"es\"}]}<\/script>\n<!-- \/ Yoast SEO plugin. -->","yoast_head_json":{"title":"Biograf\u00eda - Marta Esmarats - Actriz y locutora | locutores catalanes, locuci\u00f3n catal\u00e1n, locuci\u00f3n profesional, locuci\u00f3n profesional,locutor online, voz en off, voiceover, locutor freelance, recitar, recitador, actriz de voz, actriz de voz.","description":"Actriz y locutora. M\u00e1s de veinte a\u00f1os trabajando con la voz. Con m\u00faltiples registros, con posibilidad de trabajar distintos textos. Narrativos, teatrales, radiof\u00f3nicos, voiceover, documentales.","robots":{"index":"index","follow":"follow","max-snippet":"max-snippet:-1","max-image-preview":"max-image-preview:large","max-video-preview":"max-video-preview:-1"},"canonical":"https:\/\/martaesmarats.com\/es\/biografia","og_locale":"es_ES","og_type":"article","og_title":"Biograf\u00eda - Marta Esmarats - Actriz y locutora | locutores catalanes, locuci\u00f3n catal\u00e1n, locuci\u00f3n profesional, locuci\u00f3n profesional,locutor online, voz en off, voiceover, locutor freelance, recitar, recitador, actriz de voz, actriz de voz.","og_description":"Actriz y locutora. M\u00e1s de veinte a\u00f1os trabajando con la voz. Con m\u00faltiples registros, con posibilidad de trabajar distintos textos. Narrativos, teatrales, radiof\u00f3nicos, voiceover, documentales.","og_url":"https:\/\/martaesmarats.com\/es\/biografia","og_site_name":"Marta Esmarats","article_modified_time":"2023-06-21T08:51:05+00:00","twitter_card":"summary_large_image","twitter_misc":{"Tiempo de lectura":"2 minutos"},"schema":{"@context":"https:\/\/schema.org","@graph":[{"@type":"WebPage","@id":"https:\/\/martaesmarats.com\/es\/biografia","url":"https:\/\/martaesmarats.com\/es\/biografia","name":"Biograf\u00eda - Marta Esmarats - Actriz y locutora | locutores catalanes, locuci\u00f3n catal\u00e1n, locuci\u00f3n profesional, locuci\u00f3n profesional,locutor online, voz en off, voiceover, locutor freelance, recitar, recitador, actriz de voz, actriz de voz.","isPartOf":{"@id":"https:\/\/martaesmarats.com\/es#website"},"datePublished":"2023-04-14T09:44:04+00:00","dateModified":"2023-06-21T08:51:05+00:00","description":"Actriz y locutora. M\u00e1s de veinte a\u00f1os trabajando con la voz. Con m\u00faltiples registros, con posibilidad de trabajar distintos textos. Narrativos, teatrales, radiof\u00f3nicos, voiceover, documentales.","breadcrumb":{"@id":"https:\/\/martaesmarats.com\/es\/biografia#breadcrumb"},"inLanguage":"es","potentialAction":[{"@type":"ReadAction","target":["https:\/\/martaesmarats.com\/es\/biografia"]}]},{"@type":"BreadcrumbList","@id":"https:\/\/martaesmarats.com\/es\/biografia#breadcrumb","itemListElement":[{"@type":"ListItem","position":1,"name":"Portada","item":"https:\/\/martaesmarats.com\/es"},{"@type":"ListItem","position":2,"name":"Biograf\u00eda"}]},{"@type":"WebSite","@id":"https:\/\/martaesmarats.com\/es#website","url":"https:\/\/martaesmarats.com\/es","name":"Marta Esmarats","description":"","potentialAction":[{"@type":"SearchAction","target":{"@type":"EntryPoint","urlTemplate":"https:\/\/martaesmarats.com\/es?s={search_term_string}"},"query-input":{"@type":"PropertyValueSpecification","valueRequired":true,"valueName":"search_term_string"}}],"inLanguage":"es"}]}},"_links":{"self":[{"href":"https:\/\/martaesmarats.com\/es\/wp-json\/wp\/v2\/pages\/57900","targetHints":{"allow":["GET"]}}],"collection":[{"href":"https:\/\/martaesmarats.com\/es\/wp-json\/wp\/v2\/pages"}],"about":[{"href":"https:\/\/martaesmarats.com\/es\/wp-json\/wp\/v2\/types\/page"}],"author":[{"embeddable":true,"href":"https:\/\/martaesmarats.com\/es\/wp-json\/wp\/v2\/users\/1"}],"replies":[{"embeddable":true,"href":"https:\/\/martaesmarats.com\/es\/wp-json\/wp\/v2\/comments?post=57900"}],"version-history":[{"count":3,"href":"https:\/\/martaesmarats.com\/es\/wp-json\/wp\/v2\/pages\/57900\/revisions"}],"predecessor-version":[{"id":57928,"href":"https:\/\/martaesmarats.com\/es\/wp-json\/wp\/v2\/pages\/57900\/revisions\/57928"}],"wp:attachment":[{"href":"https:\/\/martaesmarats.com\/es\/wp-json\/wp\/v2\/media?parent=57900"}],"curies":[{"name":"wp","href":"https:\/\/api.w.org\/{rel}","templated":true}]}}